{"id":11,"date":"2023-05-09T18:17:44","date_gmt":"2023-05-09T21:17:44","guid":{"rendered":"https:\/\/www.ecocentropampazul.com.ar\/?page_id=11"},"modified":"2023-10-18T08:55:19","modified_gmt":"2023-10-18T11:55:19","slug":"como-nos-organizamos","status":"publish","type":"page","link":"https:\/\/www.ecocentropampazul.com.ar\/pampaazul\/inicio\/que-es-pampa-azul\/como-nos-organizamos\/","title":{"rendered":"\u00bfC\u00f3mo nos organizamos?"},"content":{"rendered":"\n<p>Pampa Azul cuenta con los siguientes \u00e1mbitos de decisi\u00f3n<\/p>\n\n\n\n<div class=\"texto-destacado-1\"><em>Unidad Pampa Azul<\/em>: \u00e1rea espec\u00edfica dentro del Ministerio de Ciencia, Tecnolog\u00eda e Innovaci\u00f3n que\nagrupa, define y articula las acciones inherentes a la iniciativa.<\/div>\n\n\n\n<p><strong>Comit\u00e9 Interministerial<\/strong>: define las orientaciones generales de Pampa Azul. Lo conforman representantes de los organismos de Ciencia, Tecnolog\u00eda e Innovaci\u00f3n; Relaciones Exteriores&nbsp; y Culto; Ambiente y Desarrollo Sostenible; Agricultura, Ganader\u00eca y Pesca; Defensa; Seguridad; Turismo y Deportes.<\/p>\n\n\n\n<p><strong>Consejo Asesor Cient\u00edfico<\/strong>: define los objetivos de investigaci\u00f3n y las l\u00edneas de trabajo. Est\u00e1 constituido por investigadores e investigadoras de reconocida trayectoria en las Ciencias del Mar.&nbsp;<\/p>\n\n\n\n<p><strong>Consejo Asesor Tecnol\u00f3gico<\/strong>: define los objetivos de desarrollo tecnol\u00f3gico, iniciativas y proyectos prioritarios y mecanismos de transferencia al sector productivo. Est\u00e1 integrado por especialistas de distintas \u00e1reas.&nbsp;<\/p>\n\n\n\n<p><strong>Consejo de Administraci\u00f3n<\/strong>: ejecuta todas las acciones de la Iniciativa Pampa Azul. Est\u00e1 integrado por los siete organismos que conforman Pampa Azul y la Jefatura de Gabinete de Ministros.&nbsp;<\/p>\n\n\n\n<p>Pampa Azul se financia, principalmente, a trav\u00e9s de la Ley N\u00ba 27.167 (PROMAR), a partir del Fondo Nacional para la Investigaci\u00f3n e Innovaci\u00f3n Productiva de los Espacios Mar\u00edtimos Argentinos (FONIPROMAR).<\/p>\n","protected":false},"excerpt":{"rendered":"<p>Pampa Azul cuenta con los siguientes \u00e1mbitos de decisi\u00f3n Unidad Pampa Azul: \u00e1rea espec\u00edfica dentro del Ministerio de Ciencia, Tecnolog\u00eda e Innovaci\u00f3n que agrupa, define y articula las acciones inherentes a la iniciativa. Comit\u00e9 Interministerial: define las orientaciones generales de Pampa Azul. Lo conforman representantes de los organismos de Ciencia, Tecnolog\u00eda e Innovaci\u00f3n; Relaciones Exteriores&nbsp; &hellip; <\/p>\n<p class=\"link-more\"><a href=\"https:\/\/www.ecocentropampazul.com.ar\/pampaazul\/inicio\/que-es-pampa-azul\/como-nos-organizamos\/\" class=\"more-link\">Continue reading<span class=\"screen-reader-text\"> &#8220;\u00bfC\u00f3mo nos organizamos?&#8221;<\/span><\/a><\/p>\n","protected":false},"author":1,"featured_media":0,"parent":7,"menu_order":1,"comment_status":"closed","ping_status":"closed","template":"","meta":{"footnotes":""},"class_list":["post-11","page","type-page","status-publish","hentry"],"_links":{"self":[{"href":"https:\/\/www.ecocentropampazul.com.ar\/pampaazul\/wp-json\/wp\/v2\/pages\/11","targetHints":{"allow":["GET"]}}],"collection":[{"href":"https:\/\/www.ecocentropampazul.com.ar\/pampaazul\/wp-json\/wp\/v2\/pages"}],"about":[{"href":"https:\/\/www.ecocentropampazul.com.ar\/pampaazul\/wp-json\/wp\/v2\/types\/page"}],"author":[{"embeddable":true,"href":"https:\/\/www.ecocentropampazul.com.ar\/pampaazul\/wp-json\/wp\/v2\/users\/1"}],"replies":[{"embeddable":true,"href":"https:\/\/www.ecocentropampazul.com.ar\/pampaazul\/wp-json\/wp\/v2\/comments?post=11"}],"version-history":[{"count":7,"href":"https:\/\/www.ecocentropampazul.com.ar\/pampaazul\/wp-json\/wp\/v2\/pages\/11\/revisions"}],"predecessor-version":[{"id":245,"href":"https:\/\/www.ecocentropampazul.com.ar\/pampaazul\/wp-json\/wp\/v2\/pages\/11\/revisions\/245"}],"up":[{"embeddable":true,"href":"https:\/\/www.ecocentropampazul.com.ar\/pampaazul\/wp-json\/wp\/v2\/pages\/7"}],"wp:attachment":[{"href":"https:\/\/www.ecocentropampazul.com.ar\/pampaazul\/wp-json\/wp\/v2\/media?parent=11"}],"curies":[{"name":"wp","href":"https:\/\/api.w.org\/{rel}","templated":true}]}}