{"id":14,"date":"2023-05-09T18:18:19","date_gmt":"2023-05-09T21:18:19","guid":{"rendered":"https:\/\/www.ecocentropampazul.com.ar\/?page_id=14"},"modified":"2023-08-07T10:27:16","modified_gmt":"2023-08-07T13:27:16","slug":"pampa-azul-en-primera-persona","status":"publish","type":"page","link":"https:\/\/www.ecocentropampazul.com.ar\/pampaazul\/inicio\/que-es-pampa-azul\/pampa-azul-en-primera-persona\/","title":{"rendered":"Pampa Azul nos cuenta"},"content":{"rendered":"\n<p>El Dr. Gustavo Lovrich nos cuenta con sus palabras qu\u00e9 es Pampa Azul.<\/p>\n\n\n\n<figure class=\"wp-block-embed is-type-rich is-provider-gestor-del-servicio wp-block-embed-gestor-del-servicio wp-embed-aspect-16-9 wp-has-aspect-ratio\"><div class=\"wp-block-embed__wrapper\">\n<iframe loading=\"lazy\" title=\"\u00bfEn qu\u00e9 consiste Pampa Azul?, seg\u00fan el Dr. Gustavo Lovrich\" width=\"525\" height=\"295\" src=\"https:\/\/www.youtube.com\/embed\/6k7UuCxAOUc?feature=oembed\" frameborder=\"0\" allow=\"accelerometer; autoplay; clipboard-write; encrypted-media; gyroscope; picture-in-picture; web-share\" referrerpolicy=\"strict-origin-when-cross-origin\" allowfullscreen><\/iframe>\n<\/div><\/figure>\n\n\n\n<hr class=\"wp-block-separator has-alpha-channel-opacity\"\/>\n\n\n\n<p>El Comandante del Buque Puerto Deseado, Juan Ignacio Squillacci, cuenta c\u00f3mo es la convivencia entre cient\u00edficos y tripulaci\u00f3n t\u00e9cnica del barco y algunas an\u00e9cdotas.<\/p>\n\n\n\n<figure class=\"wp-block-embed is-type-rich is-provider-gestor-del-servicio wp-block-embed-gestor-del-servicio wp-embed-aspect-16-9 wp-has-aspect-ratio\"><div class=\"wp-block-embed__wrapper\">\n<iframe loading=\"lazy\" title=\"La vida a bordo de Pampa Azul. Cte. Juan Ignacio Squillacci.\" width=\"525\" height=\"295\" src=\"https:\/\/www.youtube.com\/embed\/R21kkhps7hw?feature=oembed\" frameborder=\"0\" allow=\"accelerometer; autoplay; clipboard-write; encrypted-media; gyroscope; picture-in-picture; web-share\" referrerpolicy=\"strict-origin-when-cross-origin\" allowfullscreen><\/iframe>\n<\/div><\/figure>\n\n\n\n<hr class=\"wp-block-separator has-alpha-channel-opacity\"\/>\n\n\n\n<p>El Prefecto Leonardo Filomatori, Capit\u00e1n del Buque de Salvamento Tango, nos cuenta c\u00f3mo es la convivencia entre la tripulaci\u00f3n del barco y el personal cient\u00edfico cuando realizan una campa\u00f1a.<\/p>\n\n\n\n<figure class=\"wp-block-embed is-type-rich is-provider-gestor-del-servicio wp-block-embed-gestor-del-servicio wp-embed-aspect-16-9 wp-has-aspect-ratio\"><div class=\"wp-block-embed__wrapper\">\n<iframe loading=\"lazy\" title=\"La vida a bordo de Pampa Azul. Prefecto Leonardo Filomatori\" width=\"525\" height=\"295\" src=\"https:\/\/www.youtube.com\/embed\/hDnkJF5ooVk?feature=oembed\" frameborder=\"0\" allow=\"accelerometer; autoplay; clipboard-write; encrypted-media; gyroscope; picture-in-picture; web-share\" referrerpolicy=\"strict-origin-when-cross-origin\" allowfullscreen><\/iframe>\n<\/div><\/figure>\n\n\n\n<hr class=\"wp-block-separator has-alpha-channel-opacity\"\/>\n\n\n\n<p>El Dr. Ricardo Sahade cuenta en qu\u00e9 consiste la investigaci\u00f3n en la que particip\u00f3 de Pampa Azul al Banco Burdwood.<\/p>\n\n\n\n<figure class=\"wp-block-embed is-type-rich is-provider-gestor-del-servicio wp-block-embed-gestor-del-servicio wp-embed-aspect-16-9 wp-has-aspect-ratio\"><div class=\"wp-block-embed__wrapper\">\n<iframe loading=\"lazy\" title=\"Sobre la investigaci\u00f3n en Pampa Azul. Dr. Ricardo Sahade.\" width=\"525\" height=\"295\" src=\"https:\/\/www.youtube.com\/embed\/-A8GtdI0bFY?feature=oembed\" frameborder=\"0\" allow=\"accelerometer; autoplay; clipboard-write; encrypted-media; gyroscope; picture-in-picture; web-share\" referrerpolicy=\"strict-origin-when-cross-origin\" allowfullscreen><\/iframe>\n<\/div><\/figure>\n\n\n\n<hr class=\"wp-block-separator has-alpha-channel-opacity\"\/>\n\n\n\n<p>La Dra. Laura Schejter nos cuenta c\u00f3mo naci\u00f3 su vocaci\u00f3n por la biolog\u00eda, mientras se encontraba en una campa\u00f1a oceanogr\u00e1fica a bordo del Buque Puerto Deseado.<\/p>\n\n\n\n<figure class=\"wp-block-embed is-type-rich is-provider-gestor-del-servicio wp-block-embed-gestor-del-servicio wp-embed-aspect-16-9 wp-has-aspect-ratio\"><div class=\"wp-block-embed__wrapper\">\n<iframe loading=\"lazy\" title=\"Vocaciones cient\u00edficas en Pampa Azul. Dra. Laura Schejter\" width=\"525\" height=\"295\" src=\"https:\/\/www.youtube.com\/embed\/5Osj6wtKG0M?feature=oembed\" frameborder=\"0\" allow=\"accelerometer; autoplay; clipboard-write; encrypted-media; gyroscope; picture-in-picture; web-share\" referrerpolicy=\"strict-origin-when-cross-origin\" allowfullscreen><\/iframe>\n<\/div><\/figure>\n\n\n\n<hr class=\"wp-block-separator has-alpha-channel-opacity\"\/>\n\n\n\n<p>El Dr. Jos\u00e9 Luis Esteves, del CONICET-CENPAT, nos cuenta en qu\u00e9 consiste la investigaci\u00f3n que realizaron en el marco de Pampa Azul a bordo del Buque Coriolis II.<\/p>\n\n\n\n<figure class=\"wp-block-embed is-type-video is-provider-youtube wp-block-embed-youtube wp-embed-aspect-16-9 wp-has-aspect-ratio\"><div class=\"wp-block-embed__wrapper\">\n<iframe loading=\"lazy\" title=\"Sobre la investigaci\u00f3n en Pampa Azul. Dr. Jos\u00e9 Luis Esteves\" width=\"525\" height=\"295\" src=\"https:\/\/www.youtube.com\/embed\/oQdZtUJXpwU?start=37&#038;feature=oembed\" frameborder=\"0\" allow=\"accelerometer; autoplay; clipboard-write; encrypted-media; gyroscope; picture-in-picture; web-share\" referrerpolicy=\"strict-origin-when-cross-origin\" allowfullscreen><\/iframe>\n<\/div><\/figure>\n","protected":false},"excerpt":{"rendered":"<p>El Dr. Gustavo Lovrich nos cuenta con sus palabras qu\u00e9 es Pampa Azul. El Comandante del Buque Puerto Deseado, Juan Ignacio Squillacci, cuenta c\u00f3mo es la convivencia entre cient\u00edficos y tripulaci\u00f3n t\u00e9cnica del barco y algunas an\u00e9cdotas. El Prefecto Leonardo Filomatori, Capit\u00e1n del Buque de Salvamento Tango, nos cuenta c\u00f3mo es la convivencia entre la &hellip; <\/p>\n<p class=\"link-more\"><a href=\"https:\/\/www.ecocentropampazul.com.ar\/pampaazul\/inicio\/que-es-pampa-azul\/pampa-azul-en-primera-persona\/\" class=\"more-link\">Continue reading<span class=\"screen-reader-text\"> &#8220;Pampa Azul nos cuenta&#8221;<\/span><\/a><\/p>\n","protected":false},"author":1,"featured_media":0,"parent":7,"menu_order":2,"comment_status":"closed","ping_status":"closed","template":"","meta":{"footnotes":""},"class_list":["post-14","page","type-page","status-publish","hentry"],"_links":{"self":[{"href":"https:\/\/www.ecocentropampazul.com.ar\/pampaazul\/wp-json\/wp\/v2\/pages\/14","targetHints":{"allow":["GET"]}}],"collection":[{"href":"https:\/\/www.ecocentropampazul.com.ar\/pampaazul\/wp-json\/wp\/v2\/pages"}],"about":[{"href":"https:\/\/www.ecocentropampazul.com.ar\/pampaazul\/wp-json\/wp\/v2\/types\/page"}],"author":[{"embeddable":true,"href":"https:\/\/www.ecocentropampazul.com.ar\/pampaazul\/wp-json\/wp\/v2\/users\/1"}],"replies":[{"embeddable":true,"href":"https:\/\/www.ecocentropampazul.com.ar\/pampaazul\/wp-json\/wp\/v2\/comments?post=14"}],"version-history":[{"count":5,"href":"https:\/\/www.ecocentropampazul.com.ar\/pampaazul\/wp-json\/wp\/v2\/pages\/14\/revisions"}],"predecessor-version":[{"id":174,"href":"https:\/\/www.ecocentropampazul.com.ar\/pampaazul\/wp-json\/wp\/v2\/pages\/14\/revisions\/174"}],"up":[{"embeddable":true,"href":"https:\/\/www.ecocentropampazul.com.ar\/pampaazul\/wp-json\/wp\/v2\/pages\/7"}],"wp:attachment":[{"href":"https:\/\/www.ecocentropampazul.com.ar\/pampaazul\/wp-json\/wp\/v2\/media?parent=14"}],"curies":[{"name":"wp","href":"https:\/\/api.w.org\/{rel}","templated":true}]}}