{"id":16,"date":"2023-05-09T18:19:00","date_gmt":"2023-05-09T21:19:00","guid":{"rendered":"https:\/\/www.ecocentropampazul.com.ar\/?page_id=16"},"modified":"2023-08-07T10:28:26","modified_gmt":"2023-08-07T13:28:26","slug":"que-tenemos","status":"publish","type":"page","link":"https:\/\/www.ecocentropampazul.com.ar\/pampaazul\/inicio\/que-tenemos\/","title":{"rendered":"\u00bfQu\u00e9 tenemos?"},"content":{"rendered":"\n<div class=\"texto-destacado-2\">Para lograr los objetivos que se propone Pampa Azul es necesario conocer nuestros espacios costeros y mar\u00edtimos. Para investigarlos contamos por un lado con buques de investigaci\u00f3n y con diversos instrumentos, pero tambi\u00e9n con centros de investigaci\u00f3n de \u00faltima generaci\u00f3n.<br><br>\nPara dar a conocer el resultado de estas investigaciones y a la vez promover en la sociedad argentina una mayor conciencia sobre su patrimonio costero-marino y el uso responsable de sus recursos hemos constitu\u00eddo una red de \u201cFaros de Pampa Azul\u201d<\/div>\n\n\n\n<p><\/p>\n","protected":false},"excerpt":{"rendered":"<p>Para lograr los objetivos que se propone Pampa Azul es necesario conocer nuestros espacios costeros y mar\u00edtimos. Para investigarlos contamos por un lado con buques de investigaci\u00f3n y con diversos instrumentos, pero tambi\u00e9n con centros de investigaci\u00f3n de \u00faltima generaci\u00f3n. Para dar a conocer el resultado de estas investigaciones y a la vez promover en &hellip; <\/p>\n<p class=\"link-more\"><a href=\"https:\/\/www.ecocentropampazul.com.ar\/pampaazul\/inicio\/que-tenemos\/\" class=\"more-link\">Continue reading<span class=\"screen-reader-text\"> &#8220;\u00bfQu\u00e9 tenemos?&#8221;<\/span><\/a><\/p>\n","protected":false},"author":1,"featured_media":0,"parent":5,"menu_order":1,"comment_status":"closed","ping_status":"closed","template":"","meta":{"footnotes":""},"class_list":["post-16","page","type-page","status-publish","hentry"],"_links":{"self":[{"href":"https:\/\/www.ecocentropampazul.com.ar\/pampaazul\/wp-json\/wp\/v2\/pages\/16","targetHints":{"allow":["GET"]}}],"collection":[{"href":"https:\/\/www.ecocentropampazul.com.ar\/pampaazul\/wp-json\/wp\/v2\/pages"}],"about":[{"href":"https:\/\/www.ecocentropampazul.com.ar\/pampaazul\/wp-json\/wp\/v2\/types\/page"}],"author":[{"embeddable":true,"href":"https:\/\/www.ecocentropampazul.com.ar\/pampaazul\/wp-json\/wp\/v2\/users\/1"}],"replies":[{"embeddable":true,"href":"https:\/\/www.ecocentropampazul.com.ar\/pampaazul\/wp-json\/wp\/v2\/comments?post=16"}],"version-history":[{"count":7,"href":"https:\/\/www.ecocentropampazul.com.ar\/pampaazul\/wp-json\/wp\/v2\/pages\/16\/revisions"}],"predecessor-version":[{"id":176,"href":"https:\/\/www.ecocentropampazul.com.ar\/pampaazul\/wp-json\/wp\/v2\/pages\/16\/revisions\/176"}],"up":[{"embeddable":true,"href":"https:\/\/www.ecocentropampazul.com.ar\/pampaazul\/wp-json\/wp\/v2\/pages\/5"}],"wp:attachment":[{"href":"https:\/\/www.ecocentropampazul.com.ar\/pampaazul\/wp-json\/wp\/v2\/media?parent=16"}],"curies":[{"name":"wp","href":"https:\/\/api.w.org\/{rel}","templated":true}]}}