{"id":18,"date":"2023-05-09T18:19:26","date_gmt":"2023-05-09T21:19:26","guid":{"rendered":"https:\/\/www.ecocentropampazul.com.ar\/?page_id=18"},"modified":"2023-08-11T18:15:12","modified_gmt":"2023-08-11T21:15:12","slug":"flota-de-investigacion","status":"publish","type":"page","link":"https:\/\/www.ecocentropampazul.com.ar\/pampaazul\/inicio\/que-tenemos\/flota-de-investigacion\/","title":{"rendered":"Flota de Investigaci\u00f3n"},"content":{"rendered":"\n<div class=\"texto-destacado-1\">La flota de investigaci\u00f3n de Pampa Azul&nbsp; est\u00e1 constituida por buques dependientes de distintas \u00e1reas gubernamentales, con equipamientos y capacidades adaptados a usos espec\u00edficos.&nbsp;<\/div>\n\n\n\n<hr class=\"wp-block-separator has-alpha-channel-opacity\"\/>\n\n\n\n<p>El Instituto Nacional de Investigaci\u00f3n y Desarrollo Pesquero (INIDEP) posee los buques de investigaci\u00f3n pesquera \u201c<a href=\"#buque-victor-angelescu\" data-type=\"internal\" data-id=\"#buque-victor-angelescu\">V\u00edctor Angelescu<\/a>\u201d, \u201c<a href=\"#buque-holmberg\">Dr. Eduardo Holmberg<\/a>\u201d y \u201c<a href=\"#buque-mar-argentino\" data-type=\"URL\">Mar Argentino<\/a>\u201d.<\/p>\n\n\n\n<hr class=\"wp-block-separator has-alpha-channel-opacity\"\/>\n\n\n\n<p>El Consejo Nacional de Investigaciones Cient\u00edficas y T\u00e9cnicas (CONICET) posee en la actualidad los barcos de investigaci\u00f3n \u201c<a href=\"#buque-austral\" data-type=\"internal\" data-id=\"#buque-austral\">Austral<\/a>\u201d y \u201c<a href=\"#buque-shenu\">Shenu<\/a>\u201d<\/p>\n\n\n\n<hr class=\"wp-block-separator has-alpha-channel-opacity\"\/>\n\n\n\n<p>La Prefectura Naval Argentina posee el motovelero oceanogr\u00e1fico \u201c<a href=\"#motovelero-houssay\">Dr. Bernardo Houssay<\/a>\u201d y el buque \u201c<a href=\"#buque-tango\">Tango<\/a>\u201d<\/p>\n\n\n\n<hr class=\"wp-block-separator has-alpha-channel-opacity\"\/>\n\n\n\n<p>El Ministerio de Defensa&nbsp; posee&nbsp; el buque rompehielos&nbsp; ARA \u201c<a href=\"#buque-irizar\">Almirante Ir\u00edzar<\/a>\u201d, que ha sido totalmente renovado y equipado<\/p>\n\n\n\n<hr class=\"wp-block-separator has-alpha-channel-opacity\"\/>\n\n\n\n<p>El Servicio de Hidrograf\u00eda Naval posee el Buque Hidrogr\u00e1fico ARA \u201c<a href=\"#buque-comodoro-rivadavia\">Comodoro Rivadavia<\/a>&#8220;<\/p>\n\n\n\n<hr class=\"wp-block-separator has-alpha-channel-opacity\"\/>\n\n\n\n<ul class=\"wp-block-list\" id=\"buque-victor-angelescu\">\n<li>Buque Victor Angelescu<\/li>\n<\/ul>\n\n\n\n<p>Destinado a la investigaci\u00f3n pesquera,&nbsp; cuenta con tecnolog\u00eda moderna tanto para la investigaci\u00f3n pesquera y como ambiental.<\/p>\n\n\n\n<p>Instituci\u00f3n: INIDEP<\/p>\n\n\n\n<p>Construcci\u00f3n: 2016-2017<\/p>\n\n\n\n<p>Eslora total: 52,8 m<\/p>\n\n\n\n<p>Tripulaci\u00f3n: 14 personas<\/p>\n\n\n\n<p>Personal Cient\u00edfico: 17 personas<\/p>\n\n\n\n<figure class=\"wp-block-image size-full\"><img loading=\"lazy\" decoding=\"async\" width=\"1024\" height=\"682\" src=\"https:\/\/www.ecocentropampazul.com.ar\/wp-content\/uploads\/2023\/05\/image-1.png\" alt=\"\" class=\"wp-image-107\" srcset=\"https:\/\/www.ecocentropampazul.com.ar\/pampaazul\/wp-content\/uploads\/2023\/05\/image-1.png 1024w, https:\/\/www.ecocentropampazul.com.ar\/pampaazul\/wp-content\/uploads\/2023\/05\/image-1-300x200.png 300w, https:\/\/www.ecocentropampazul.com.ar\/pampaazul\/wp-content\/uploads\/2023\/05\/image-1-768x512.png 768w\" sizes=\"auto, (max-width: 706px) 89vw, (max-width: 767px) 82vw, 740px\" \/><\/figure>\n\n\n\n<figure class=\"wp-block-image size-large\"><img loading=\"lazy\" decoding=\"async\" width=\"1024\" height=\"643\" src=\"https:\/\/www.ecocentropampazul.com.ar\/wp-content\/uploads\/2023\/05\/image-8-1024x643.png\" alt=\"\" class=\"wp-image-114\" srcset=\"https:\/\/www.ecocentropampazul.com.ar\/pampaazul\/wp-content\/uploads\/2023\/05\/image-8-1024x643.png 1024w, https:\/\/www.ecocentropampazul.com.ar\/pampaazul\/wp-content\/uploads\/2023\/05\/image-8-300x188.png 300w, https:\/\/www.ecocentropampazul.com.ar\/pampaazul\/wp-content\/uploads\/2023\/05\/image-8-768x482.png 768w, https:\/\/www.ecocentropampazul.com.ar\/pampaazul\/wp-content\/uploads\/2023\/05\/image-8-1536x964.png 1536w, https:\/\/www.ecocentropampazul.com.ar\/pampaazul\/wp-content\/uploads\/2023\/05\/image-8.png 1600w\" sizes=\"auto, (max-width: 706px) 89vw, (max-width: 767px) 82vw, 740px\" \/><\/figure>\n\n\n\n<hr class=\"wp-block-separator has-alpha-channel-opacity\"\/>\n\n\n\n<ul class=\"wp-block-list\" id=\"buque-holmberg\">\n<li>Buque \u201cDoctor Eduardo L. Holmberg\u201d&nbsp;<\/li>\n<\/ul>\n\n\n\n<p>Se trata de un barco dise\u00f1ado espec\u00edficamente para la investigaci\u00f3n pesquera y ambiental. Su nombre fue elegido en homenaje al naturalista y m\u00e9dico Doctor Eduardo Ladislao Holmberg (1852 &#8211; 1937), quien se destac\u00f3 como docente universitario, escritor y organizador del Jard\u00edn Zool\u00f3gico de Buenos Aires, y que public\u00f3 numerosos trabajos sobre fauna y flora argentina.<\/p>\n\n\n\n<p>Cuenta con 5 laboratorios : oceanograf\u00eda, biolog\u00eda, acuario, hidroac\u00fastica y batim\u00e9trico<\/p>\n\n\n\n<p>Instituci\u00f3n: INIDEP<\/p>\n\n\n\n<p>Construcci\u00f3n: 1979<\/p>\n\n\n\n<p>Eslora total: 27,20 m<\/p>\n\n\n\n<p>Tripulaci\u00f3n y personal cient\u00edfico: 38 personas<\/p>\n\n\n\n<figure class=\"wp-block-image size-large\"><img loading=\"lazy\" decoding=\"async\" width=\"1024\" height=\"650\" src=\"https:\/\/www.ecocentropampazul.com.ar\/wp-content\/uploads\/2023\/05\/image-9-1024x650.png\" alt=\"\" class=\"wp-image-115\" srcset=\"https:\/\/www.ecocentropampazul.com.ar\/pampaazul\/wp-content\/uploads\/2023\/05\/image-9-1024x650.png 1024w, https:\/\/www.ecocentropampazul.com.ar\/pampaazul\/wp-content\/uploads\/2023\/05\/image-9-300x190.png 300w, https:\/\/www.ecocentropampazul.com.ar\/pampaazul\/wp-content\/uploads\/2023\/05\/image-9-768x488.png 768w, https:\/\/www.ecocentropampazul.com.ar\/pampaazul\/wp-content\/uploads\/2023\/05\/image-9.png 1205w\" sizes=\"auto, (max-width: 706px) 89vw, (max-width: 767px) 82vw, 740px\" \/><\/figure>\n\n\n\n<hr class=\"wp-block-separator has-alpha-channel-opacity\"\/>\n\n\n\n<ul class=\"wp-block-list\" id=\"buque-mar-argentino\">\n<li>Buque Mar Argentino<\/li>\n<\/ul>\n\n\n\n<p>Destinado a la investigaci\u00f3n pesquera y oceanogr\u00e1fica.<\/p>\n\n\n\n<p>Cuenta con tres laboratorios en la cubierta principal (h\u00famedo, multiprop\u00f3sito y de control de equipos e hidroac\u00fastica), guinches para pesca de arrastre de media agua y fondo, guinches para instrumentos oceanogr\u00e1ficos y toma de muestras de plancton y bentos, y equipamiento ac\u00fastico.<\/p>\n\n\n\n<p>Instituci\u00f3n: INIDEP<\/p>\n\n\n\n<p>Construcci\u00f3n: 2019-2020<\/p>\n\n\n\n<p>Eslora total: 36 m<\/p>\n\n\n\n<p>Tripulaci\u00f3n: 11<\/p>\n\n\n\n<p>Personal cient\u00edfico-t\u00e9cnico:&nbsp; 8<\/p>\n\n\n\n<figure class=\"wp-block-image size-full\"><img loading=\"lazy\" decoding=\"async\" width=\"1024\" height=\"683\" src=\"https:\/\/www.ecocentropampazul.com.ar\/wp-content\/uploads\/2023\/05\/image-3.png\" alt=\"\" class=\"wp-image-109\" srcset=\"https:\/\/www.ecocentropampazul.com.ar\/pampaazul\/wp-content\/uploads\/2023\/05\/image-3.png 1024w, https:\/\/www.ecocentropampazul.com.ar\/pampaazul\/wp-content\/uploads\/2023\/05\/image-3-300x200.png 300w, https:\/\/www.ecocentropampazul.com.ar\/pampaazul\/wp-content\/uploads\/2023\/05\/image-3-768x512.png 768w\" sizes=\"auto, (max-width: 706px) 89vw, (max-width: 767px) 82vw, 740px\" \/><\/figure>\n\n\n\n<figure class=\"wp-block-image size-full\"><img loading=\"lazy\" decoding=\"async\" width=\"1024\" height=\"683\" src=\"https:\/\/www.ecocentropampazul.com.ar\/wp-content\/uploads\/2023\/05\/image-4.png\" alt=\"\" class=\"wp-image-110\" srcset=\"https:\/\/www.ecocentropampazul.com.ar\/pampaazul\/wp-content\/uploads\/2023\/05\/image-4.png 1024w, https:\/\/www.ecocentropampazul.com.ar\/pampaazul\/wp-content\/uploads\/2023\/05\/image-4-300x200.png 300w, https:\/\/www.ecocentropampazul.com.ar\/pampaazul\/wp-content\/uploads\/2023\/05\/image-4-768x512.png 768w\" sizes=\"auto, (max-width: 706px) 89vw, (max-width: 767px) 82vw, 740px\" \/><\/figure>\n\n\n\n<hr class=\"wp-block-separator has-alpha-channel-opacity\"\/>\n\n\n\n<ul class=\"wp-block-list\" id=\"buque-austral\">\n<li>Buque Oceanogr\u00e1fico ARA &#8220;Austral&#8221; (Q-21)<\/li>\n<\/ul>\n\n\n\n<p>Destinado a la investigaci\u00f3n oceanogr\u00e1fica .&nbsp;<\/p>\n\n\n\n<p>Posee 18 laboratorios. Opera como unidad de apoyo a las investigaciones hidrogr\u00e1ficas y oceanogr\u00e1ficas y est\u00e1 equipado para efectuar estudios sedimentol\u00f3gicos, geoqu\u00edmicos, micropaleontol\u00f3gicos y magnetoestratigr\u00e1ficos. A su vez, puede confeccionar cartograf\u00eda geol\u00f3gica submarina y mapas batim\u00e9tricos con detalles del fondo oce\u00e1nico, y recolectar de manera permanente datos a partir de sondas monohaz y multihaz, que son procesados por el personal a bordo.<\/p>\n\n\n\n<p>Instituci\u00f3n: CONICET<\/p>\n\n\n\n<p>Construcci\u00f3n: 1968, adquirido por el estado nacional en 2015 para contribuir con el proyecto Pampa Azul.<\/p>\n\n\n\n<p>Eslora total: 97,61 m<\/p>\n\n\n\n<p>Tripulaci\u00f3n: 25<\/p>\n\n\n\n<p>Personal cient\u00edfico-t\u00e9cnico:&nbsp; 25<\/p>\n\n\n\n<figure class=\"wp-block-image size-full\"><img loading=\"lazy\" decoding=\"async\" width=\"623\" height=\"352\" src=\"https:\/\/www.ecocentropampazul.com.ar\/wp-content\/uploads\/2023\/05\/image.png\" alt=\"\" class=\"wp-image-106\" srcset=\"https:\/\/www.ecocentropampazul.com.ar\/pampaazul\/wp-content\/uploads\/2023\/05\/image.png 623w, https:\/\/www.ecocentropampazul.com.ar\/pampaazul\/wp-content\/uploads\/2023\/05\/image-300x170.png 300w\" sizes=\"auto, (max-width: 623px) 100vw, 623px\" \/><\/figure>\n\n\n\n<figure class=\"wp-block-image size-full\"><img loading=\"lazy\" decoding=\"async\" width=\"850\" height=\"480\" src=\"https:\/\/www.ecocentropampazul.com.ar\/wp-content\/uploads\/2023\/05\/image-5.png\" alt=\"\" class=\"wp-image-111\" srcset=\"https:\/\/www.ecocentropampazul.com.ar\/pampaazul\/wp-content\/uploads\/2023\/05\/image-5.png 850w, https:\/\/www.ecocentropampazul.com.ar\/pampaazul\/wp-content\/uploads\/2023\/05\/image-5-300x169.png 300w, https:\/\/www.ecocentropampazul.com.ar\/pampaazul\/wp-content\/uploads\/2023\/05\/image-5-768x434.png 768w\" sizes=\"auto, (max-width: 706px) 89vw, (max-width: 767px) 82vw, 740px\" \/><\/figure>\n\n\n\n<hr class=\"wp-block-separator has-alpha-channel-opacity\"\/>\n\n\n\n<ul class=\"wp-block-list\" id=\"buque-shenu\">\n<li>Buque&nbsp; Shenu<\/li>\n<\/ul>\n\n\n\n<p>Destinado a investigaciones cient\u00edficas relacionadas con la oceanograf\u00eda (f\u00edsica, qu\u00edmica y biol\u00f3gica), el estudio del ecosistema marino del fondo, la geolog\u00eda costera, la hidroac\u00fastica y la evaluaci\u00f3n de los recursos vivos locales. Es apto para navegaci\u00f3n mar\u00edtima austral, zona del Canal de Beagle.<\/p>\n\n\n\n<p>El equipamiento de base incluye guinche y p\u00f3rtico para sistema de arrastre para muestreos de fondo y pesca, pescante con roseta y redes de plancton, ROV e instrumental ac\u00fastico.<\/p>\n\n\n\n<p>El Buque de Investigaci\u00f3n Cient\u00edfica&nbsp; Shenu (\u201cViento\u201d, en lengua shelknam) integra la flota de Pampa Azul y forma parte de la Red de Observaci\u00f3n del Mar Argentino (ROMA). Adem\u00e1s constituir\u00e1 un elemento clave para las investigaciones a desarrollarse en el Centro Interinstitucional en Temas Estrat\u00e9gicos de Ushuaia, cuya creaci\u00f3n ha sido propuesta conjuntamente por el Ministerio de Ciencia y Canciller\u00eda Argentina.<\/p>\n\n\n\n<p>Instituci\u00f3n: CONICET<\/p>\n\n\n\n<p>Construcci\u00f3n: 2020\/2021<\/p>\n\n\n\n<p>Eslora total: 16,50 m<\/p>\n\n\n\n<p>Tripulaci\u00f3n y personal cient\u00edfico-t\u00e9cnico:&nbsp; 12<\/p>\n\n\n\n<figure class=\"wp-block-image size-full\"><img loading=\"lazy\" decoding=\"async\" width=\"995\" height=\"560\" src=\"https:\/\/www.ecocentropampazul.com.ar\/wp-content\/uploads\/2023\/05\/image-6.png\" alt=\"\" class=\"wp-image-112\" srcset=\"https:\/\/www.ecocentropampazul.com.ar\/pampaazul\/wp-content\/uploads\/2023\/05\/image-6.png 995w, https:\/\/www.ecocentropampazul.com.ar\/pampaazul\/wp-content\/uploads\/2023\/05\/image-6-300x169.png 300w, https:\/\/www.ecocentropampazul.com.ar\/pampaazul\/wp-content\/uploads\/2023\/05\/image-6-768x432.png 768w\" sizes=\"auto, (max-width: 706px) 89vw, (max-width: 767px) 82vw, 740px\" \/><\/figure>\n\n\n\n<figure class=\"wp-block-image size-large\"><img loading=\"lazy\" decoding=\"async\" width=\"1024\" height=\"594\" src=\"https:\/\/www.ecocentropampazul.com.ar\/wp-content\/uploads\/2023\/05\/image-16-1024x594.png\" alt=\"\" class=\"wp-image-122\" srcset=\"https:\/\/www.ecocentropampazul.com.ar\/pampaazul\/wp-content\/uploads\/2023\/05\/image-16-1024x594.png 1024w, https:\/\/www.ecocentropampazul.com.ar\/pampaazul\/wp-content\/uploads\/2023\/05\/image-16-300x174.png 300w, https:\/\/www.ecocentropampazul.com.ar\/pampaazul\/wp-content\/uploads\/2023\/05\/image-16-768x445.png 768w, https:\/\/www.ecocentropampazul.com.ar\/pampaazul\/wp-content\/uploads\/2023\/05\/image-16.png 1500w\" sizes=\"auto, (max-width: 706px) 89vw, (max-width: 767px) 82vw, 740px\" \/><\/figure>\n\n\n\n<hr class=\"wp-block-separator has-alpha-channel-opacity\"\/>\n\n\n\n<ul class=\"wp-block-list\" id=\"motovelero-houssay\">\n<li>Motovelero oceanogr\u00e1fico \u201cDr. Bernardo Houssay\u201d<\/li>\n<\/ul>\n\n\n\n<p>Es un buque de investigaci\u00f3n cient\u00edfica que debe su nombre al destacado Premio Nobel Argentino, y tiene como misi\u00f3n el desarrollo de conocimiento tendiente a la protecci\u00f3n ambiental y de los recursos naturales del pa\u00eds. Es el velero cient\u00edfico con m\u00e1s millas navegadas del mundo que permanece activo. A bordo de \u00e9l han navegado destacados cient\u00edficos y el legendario Jacques Cousteau.<\/p>\n\n\n\n<p>Cuenta con laboratorios h\u00famedo y seco, c\u00e1mara frigor\u00edfica, ecosonda y corrent\u00f3metro. Adem\u00e1s, est\u00e1 dotado de una estaci\u00f3n meteorol\u00f3gica y guinche cient\u00edficos, roseta oceanogr\u00e1fica, multinet, redes de microplancton, draga y sistema de flujo continuo de agua marina.<\/p>\n\n\n\n<p>Instituci\u00f3n: Prefectura Naval Argentina<\/p>\n\n\n\n<p>Construcci\u00f3n: 1930. Incorporado a la Prefectura en 1998, y tras un proceso de modernizaci\u00f3n en 2011 fue totalmente reconstruido y con tecnolog\u00eda de punta<\/p>\n\n\n\n<p>Eslora total: 45,87 m<\/p>\n\n\n\n<p>Tripulaci\u00f3n: 30<\/p>\n\n\n\n<p>Personal cient\u00edfico-t\u00e9cnico:&nbsp; 10<\/p>\n\n\n\n<figure class=\"wp-block-image size-large\"><img loading=\"lazy\" decoding=\"async\" width=\"1024\" height=\"680\" src=\"https:\/\/www.ecocentropampazul.com.ar\/wp-content\/uploads\/2023\/05\/image-10-1024x680.png\" alt=\"\" class=\"wp-image-116\" srcset=\"https:\/\/www.ecocentropampazul.com.ar\/pampaazul\/wp-content\/uploads\/2023\/05\/image-10-1024x680.png 1024w, https:\/\/www.ecocentropampazul.com.ar\/pampaazul\/wp-content\/uploads\/2023\/05\/image-10-300x199.png 300w, https:\/\/www.ecocentropampazul.com.ar\/pampaazul\/wp-content\/uploads\/2023\/05\/image-10-768x510.png 768w, https:\/\/www.ecocentropampazul.com.ar\/pampaazul\/wp-content\/uploads\/2023\/05\/image-10.png 1116w\" sizes=\"auto, (max-width: 706px) 89vw, (max-width: 767px) 82vw, 740px\" \/><\/figure>\n\n\n\n<figure class=\"wp-block-image size-large\"><img loading=\"lazy\" decoding=\"async\" width=\"768\" height=\"1024\" src=\"https:\/\/www.ecocentropampazul.com.ar\/wp-content\/uploads\/2023\/05\/image-14-768x1024.png\" alt=\"\" class=\"wp-image-120\" srcset=\"https:\/\/www.ecocentropampazul.com.ar\/pampaazul\/wp-content\/uploads\/2023\/05\/image-14-768x1024.png 768w, https:\/\/www.ecocentropampazul.com.ar\/pampaazul\/wp-content\/uploads\/2023\/05\/image-14-225x300.png 225w, https:\/\/www.ecocentropampazul.com.ar\/pampaazul\/wp-content\/uploads\/2023\/05\/image-14.png 848w\" sizes=\"auto, (max-width: 706px) 89vw, (max-width: 767px) 82vw, 740px\" \/><\/figure>\n\n\n\n<hr class=\"wp-block-separator has-alpha-channel-opacity\"\/>\n\n\n\n<ul class=\"wp-block-list\" id=\"buque-tango\">\n<li>Buque Tango (SB15)<\/li>\n<\/ul>\n\n\n\n<p>Denominado SB (Buque de Salvamento) 15 posee tripulaci\u00f3n especializada en en tareas subacu\u00e1ticas, buzos rescatistas y de profundidad, adem\u00e1s con la tecnolog\u00eda necesaria para barrer cada metro del fondo a trav\u00e9s de una ecosondas para reconocimiento batim\u00e9trico<\/p>\n\n\n\n<p>Posee una campana de buceo abierta , que permite realizar inmersiones e inspecciones subacuas de restos de naufragios, cascos hundidos y relevamiento de fondos, a una profundidad de 80 metros. Adem\u00e1s cuenta con dos c\u00e1mara hiperb\u00e1ricas.<\/p>\n\n\n\n<p>Dentro del equipamiento se destaca el ROVs (veh\u00edculo operado remotamente que sirve para tomar fotograf\u00edas y videos del fondo marino)&nbsp; y el CTD (aparato que toma Conductividad, Temperatura y Densidad del agua de mar a diferentes profundidades)<\/p>\n\n\n\n<p>Instituci\u00f3n: Prefectura Naval Argentina<\/p>\n\n\n\n<p>Construcci\u00f3n: 1969. Fue adquirido por la Prefectura Naval Argentina en 2005. Sufri\u00f3 un incendio en 2006 en el puerto de Buenos Aires, fue trasladado a Tandanor para realizar las reparaciones necesarias tras lo cual volvi\u00f3 al servicio activo en Octubre de 2012.<\/p>\n\n\n\n<p>Eslora total: 50,29 m<\/p>\n\n\n\n<p>Tripulaci\u00f3n: 43<\/p>\n\n\n\n<figure class=\"wp-block-image size-large\"><img loading=\"lazy\" decoding=\"async\" width=\"1024\" height=\"575\" src=\"https:\/\/www.ecocentropampazul.com.ar\/wp-content\/uploads\/2023\/05\/image-11-1024x575.png\" alt=\"\" class=\"wp-image-117\" srcset=\"https:\/\/www.ecocentropampazul.com.ar\/pampaazul\/wp-content\/uploads\/2023\/05\/image-11-1024x575.png 1024w, https:\/\/www.ecocentropampazul.com.ar\/pampaazul\/wp-content\/uploads\/2023\/05\/image-11-300x169.png 300w, https:\/\/www.ecocentropampazul.com.ar\/pampaazul\/wp-content\/uploads\/2023\/05\/image-11-768x431.png 768w, https:\/\/www.ecocentropampazul.com.ar\/pampaazul\/wp-content\/uploads\/2023\/05\/image-11.png 1200w\" sizes=\"auto, (max-width: 706px) 89vw, (max-width: 767px) 82vw, 740px\" \/><\/figure>\n\n\n\n<figure class=\"wp-block-image size-full\"><img loading=\"lazy\" decoding=\"async\" width=\"566\" height=\"377\" src=\"https:\/\/www.ecocentropampazul.com.ar\/wp-content\/uploads\/2023\/05\/image-2.png\" alt=\"\" class=\"wp-image-108\" srcset=\"https:\/\/www.ecocentropampazul.com.ar\/pampaazul\/wp-content\/uploads\/2023\/05\/image-2.png 566w, https:\/\/www.ecocentropampazul.com.ar\/pampaazul\/wp-content\/uploads\/2023\/05\/image-2-300x200.png 300w\" sizes=\"auto, (max-width: 566px) 100vw, 566px\" \/><\/figure>\n\n\n\n<hr class=\"wp-block-separator has-alpha-channel-opacity\"\/>\n\n\n\n<ul class=\"wp-block-list\" id=\"buque-irizar\">\n<li>Buque Rompehielo ARA \u201cAlmirante Ir\u00edzar\u201d (Q5)<\/li>\n<\/ul>\n\n\n\n<p>Destinado para operar como buque hospital, de rescate y de las bases ant\u00e1rticas argentinas. Es el buque insignia del Comando Conjunto Ant\u00e1rtico. En 1982 particip\u00f3 como buque hospital en la Guerra de Malvinas.&nbsp;<\/p>\n\n\n\n<p>Durante la Campa\u00f1a Ant\u00e1rtica 2006\/2007, a su regreso a Buenos Aires, el buque sufri\u00f3 un devastador incendio que lo dej\u00f3 diez a\u00f1os fuera de actividad. Al finalizar las tareas de reparaci\u00f3n y modernizaci\u00f3n se convirti\u00f3 en un nav\u00edo multiprop\u00f3sito y cient\u00edfico de \u00faltima generaci\u00f3n, sin perder sus caracter\u00edsticas como buque de log\u00edstica y rescate ant\u00e1rtico.<\/p>\n\n\n\n<p>Por otro lado, el puente de observaci\u00f3n \u2013cerrado y calefaccionado\u2013 brinda la posibilidad de tener un espacio amplio con una visual \u00f3ptima para observaciones cient\u00edficas, tales como el relevamientos de aves y mam\u00edferos marinos (ballenas, orcas, focas leopardo).<\/p>\n\n\n\n<p>El buque cuenta en la actualidad con 8 laboratorios que ocupan un total de 415 m2 para realizar tareas cient\u00edficas de qu\u00edmica, microbiolog\u00eda, biolog\u00eda marina,&nbsp; oceanograf\u00eda, glaciolog\u00eda y meteorolog\u00eda. El rompehielos contribuye adem\u00e1s a las tareas cient\u00edficas de relevamiento de la plataforma submarina del g\u00e9lido continente<\/p>\n\n\n\n<p>Puede navegar en campos de hielo de hasta 1 metro de espesor en forma continua. Tiene 12 cubiertas, una cubierta de vuelo y hangar para dos helic\u00f3pteros Sea King SH-3D o similares<\/p>\n\n\n\n<p>Instituci\u00f3n: Ministerio de Defensa<\/p>\n\n\n\n<p>Construcci\u00f3n: 1977&nbsp;&nbsp;<\/p>\n\n\n\n<p>Eslora total: 121,3 m<\/p>\n\n\n\n<p>Tripulaci\u00f3n: 111<\/p>\n\n\n\n<p>Personal cient\u00edfico permanente: 51<\/p>\n\n\n\n<p>Otro personal: 151<\/p>\n\n\n\n<p>Total pasajeros. 313<\/p>\n\n\n\n<figure class=\"wp-block-image size-full\"><img loading=\"lazy\" decoding=\"async\" width=\"736\" height=\"416\" src=\"https:\/\/www.ecocentropampazul.com.ar\/wp-content\/uploads\/2023\/05\/image-7.png\" alt=\"\" class=\"wp-image-113\" srcset=\"https:\/\/www.ecocentropampazul.com.ar\/pampaazul\/wp-content\/uploads\/2023\/05\/image-7.png 736w, https:\/\/www.ecocentropampazul.com.ar\/pampaazul\/wp-content\/uploads\/2023\/05\/image-7-300x170.png 300w\" sizes=\"auto, (max-width: 736px) 100vw, 736px\" \/><\/figure>\n\n\n\n<figure class=\"wp-block-image size-large\"><img loading=\"lazy\" decoding=\"async\" width=\"1024\" height=\"682\" src=\"https:\/\/www.ecocentropampazul.com.ar\/wp-content\/uploads\/2023\/05\/image-15-1024x682.png\" alt=\"\" class=\"wp-image-121\" srcset=\"https:\/\/www.ecocentropampazul.com.ar\/pampaazul\/wp-content\/uploads\/2023\/05\/image-15-1024x682.png 1024w, https:\/\/www.ecocentropampazul.com.ar\/pampaazul\/wp-content\/uploads\/2023\/05\/image-15-300x200.png 300w, https:\/\/www.ecocentropampazul.com.ar\/pampaazul\/wp-content\/uploads\/2023\/05\/image-15-768x512.png 768w, https:\/\/www.ecocentropampazul.com.ar\/pampaazul\/wp-content\/uploads\/2023\/05\/image-15.png 1349w\" sizes=\"auto, (max-width: 706px) 89vw, (max-width: 767px) 82vw, 740px\" \/><\/figure>\n\n\n\n<figure class=\"wp-block-image size-large\"><img loading=\"lazy\" decoding=\"async\" width=\"1024\" height=\"576\" src=\"https:\/\/www.ecocentropampazul.com.ar\/wp-content\/uploads\/2023\/05\/image-12-1024x576.png\" alt=\"\" class=\"wp-image-118\" srcset=\"https:\/\/www.ecocentropampazul.com.ar\/pampaazul\/wp-content\/uploads\/2023\/05\/image-12-1024x576.png 1024w, https:\/\/www.ecocentropampazul.com.ar\/pampaazul\/wp-content\/uploads\/2023\/05\/image-12-300x169.png 300w, https:\/\/www.ecocentropampazul.com.ar\/pampaazul\/wp-content\/uploads\/2023\/05\/image-12-768x432.png 768w, https:\/\/www.ecocentropampazul.com.ar\/pampaazul\/wp-content\/uploads\/2023\/05\/image-12.png 1280w\" sizes=\"auto, (max-width: 706px) 89vw, (max-width: 767px) 82vw, 740px\" \/><\/figure>\n\n\n\n<hr class=\"wp-block-separator has-alpha-channel-opacity\"\/>\n\n\n\n<ul class=\"wp-block-list\" id=\"buque-comodoro-rivadavia\">\n<li>Buque Hidrogr\u00e1fico ARA &#8220;Comodoro Rivadavia&#8221; (Q-11)<\/li>\n<\/ul>\n\n\n\n<p>Su misi\u00f3n principal es efectuar relevamientos batim\u00e9tricos en aguas someras del litoral mar\u00edtimo, contribuir con la seguridad n\u00e1utica y aportar datos para la actualizaci\u00f3n cartogr\u00e1fica.<\/p>\n\n\n\n<p>Instituci\u00f3n: Servicio de Hidrograf\u00eda Naval<\/p>\n\n\n\n<p>Construcci\u00f3n: 1976\/77<\/p>\n\n\n\n<p>Eslora total: 52,2 m<\/p>\n\n\n\n<p>Tripulaci\u00f3n: 36<\/p>\n\n\n\n<figure class=\"wp-block-image size-large\"><img loading=\"lazy\" decoding=\"async\" width=\"1024\" height=\"768\" src=\"https:\/\/www.ecocentropampazul.com.ar\/wp-content\/uploads\/2023\/05\/image-13-1024x768.png\" alt=\"\" class=\"wp-image-119\" srcset=\"https:\/\/www.ecocentropampazul.com.ar\/pampaazul\/wp-content\/uploads\/2023\/05\/image-13-1024x768.png 1024w, https:\/\/www.ecocentropampazul.com.ar\/pampaazul\/wp-content\/uploads\/2023\/05\/image-13-300x225.png 300w, https:\/\/www.ecocentropampazul.com.ar\/pampaazul\/wp-content\/uploads\/2023\/05\/image-13-768x576.png 768w, https:\/\/www.ecocentropampazul.com.ar\/pampaazul\/wp-content\/uploads\/2023\/05\/image-13.png 1070w\" sizes=\"auto, (max-width: 706px) 89vw, (max-width: 767px) 82vw, 740px\" \/><\/figure>\n","protected":false},"excerpt":{"rendered":"<p>La flota de investigaci\u00f3n de Pampa Azul&nbsp; est\u00e1 constituida por buques dependientes de distintas \u00e1reas gubernamentales, con equipamientos y capacidades adaptados a usos espec\u00edficos.&nbsp; El Instituto Nacional de Investigaci\u00f3n y Desarrollo Pesquero (INIDEP) posee los buques de investigaci\u00f3n pesquera \u201cV\u00edctor Angelescu\u201d, \u201cDr. Eduardo Holmberg\u201d y \u201cMar Argentino\u201d. El Consejo Nacional de Investigaciones Cient\u00edficas y T\u00e9cnicas &hellip; <\/p>\n<p class=\"link-more\"><a href=\"https:\/\/www.ecocentropampazul.com.ar\/pampaazul\/inicio\/que-tenemos\/flota-de-investigacion\/\" class=\"more-link\">Continue reading<span class=\"screen-reader-text\"> &#8220;Flota de Investigaci\u00f3n&#8221;<\/span><\/a><\/p>\n","protected":false},"author":1,"featured_media":0,"parent":16,"menu_order":0,"comment_status":"closed","ping_status":"closed","template":"","meta":{"footnotes":""},"class_list":["post-18","page","type-page","status-publish","hentry"],"_links":{"self":[{"href":"https:\/\/www.ecocentropampazul.com.ar\/pampaazul\/wp-json\/wp\/v2\/pages\/18","targetHints":{"allow":["GET"]}}],"collection":[{"href":"https:\/\/www.ecocentropampazul.com.ar\/pampaazul\/wp-json\/wp\/v2\/pages"}],"about":[{"href":"https:\/\/www.ecocentropampazul.com.ar\/pampaazul\/wp-json\/wp\/v2\/types\/page"}],"author":[{"embeddable":true,"href":"https:\/\/www.ecocentropampazul.com.ar\/pampaazul\/wp-json\/wp\/v2\/users\/1"}],"replies":[{"embeddable":true,"href":"https:\/\/www.ecocentropampazul.com.ar\/pampaazul\/wp-json\/wp\/v2\/comments?post=18"}],"version-history":[{"count":19,"href":"https:\/\/www.ecocentropampazul.com.ar\/pampaazul\/wp-json\/wp\/v2\/pages\/18\/revisions"}],"predecessor-version":[{"id":209,"href":"https:\/\/www.ecocentropampazul.com.ar\/pampaazul\/wp-json\/wp\/v2\/pages\/18\/revisions\/209"}],"up":[{"embeddable":true,"href":"https:\/\/www.ecocentropampazul.com.ar\/pampaazul\/wp-json\/wp\/v2\/pages\/16"}],"wp:attachment":[{"href":"https:\/\/www.ecocentropampazul.com.ar\/pampaazul\/wp-json\/wp\/v2\/media?parent=18"}],"curies":[{"name":"wp","href":"https:\/\/api.w.org\/{rel}","templated":true}]}}