{"id":21,"date":"2023-05-09T18:20:03","date_gmt":"2023-05-09T21:20:03","guid":{"rendered":"https:\/\/www.ecocentropampazul.com.ar\/?page_id=21"},"modified":"2023-08-07T10:41:29","modified_gmt":"2023-08-07T13:41:29","slug":"nuevos-centros-de-investigacion","status":"publish","type":"page","link":"https:\/\/www.ecocentropampazul.com.ar\/pampaazul\/inicio\/que-tenemos\/nuevos-centros-de-investigacion\/","title":{"rendered":"Nuevos centros de Investigaci\u00f3n"},"content":{"rendered":"\n<div class=\"texto-destacado-3\">Los Centros de Investigaci\u00f3n creados por Pampa Azul se dedican a la investigaci\u00f3n en el mar y las costas argentinas, con el objetivo de preservar el ambiente y los recursos marinos, promover el avance cient\u00edfico y tecnol\u00f3gico en el pa\u00eds, y apuntar al desarrollo de la econom\u00eda nacional.<\/div>\n\n\n\n<hr class=\"wp-block-separator has-alpha-channel-opacity\"\/>\n\n\n\n<h3 class=\"wp-block-heading\">Centro Interinstitucional de Investigaciones Marinas (CIIMAR):<\/h3>\n\n\n\n<figure class=\"wp-block-embed is-type-video is-provider-youtube wp-block-embed-youtube wp-embed-aspect-16-9 wp-has-aspect-ratio\"><div class=\"wp-block-embed__wrapper\">\n<iframe loading=\"lazy\" title=\"Creaci\u00f3n del Centro Interinstitucional de Investigaciones Marinas #CIIMAR\" width=\"525\" height=\"295\" src=\"https:\/\/www.youtube.com\/embed\/tpXcAN60Lfg?feature=oembed\" frameborder=\"0\" allow=\"accelerometer; autoplay; clipboard-write; encrypted-media; gyroscope; picture-in-picture; web-share\" referrerpolicy=\"strict-origin-when-cross-origin\" allowfullscreen><\/iframe>\n<\/div><\/figure>\n\n\n\n<hr class=\"wp-block-separator has-alpha-channel-opacity\"\/>\n\n\n\n<p><\/p>\n\n\n\n<h3 class=\"wp-block-heading\">Centro Interinstitucional en Temas Estrat\u00e9gicos Golfo San Jorge (GSJ)<\/h3>\n\n\n\n<figure class=\"wp-block-image size-large\"><img loading=\"lazy\" decoding=\"async\" width=\"1024\" height=\"575\" src=\"https:\/\/www.ecocentropampazul.com.ar\/wp-content\/uploads\/2023\/06\/gsj_1_-_general-1024x575.png\" alt=\"\" class=\"wp-image-163\" srcset=\"https:\/\/www.ecocentropampazul.com.ar\/pampaazul\/wp-content\/uploads\/2023\/06\/gsj_1_-_general-1024x575.png 1024w, https:\/\/www.ecocentropampazul.com.ar\/pampaazul\/wp-content\/uploads\/2023\/06\/gsj_1_-_general-300x168.png 300w, https:\/\/www.ecocentropampazul.com.ar\/pampaazul\/wp-content\/uploads\/2023\/06\/gsj_1_-_general-768x431.png 768w, https:\/\/www.ecocentropampazul.com.ar\/pampaazul\/wp-content\/uploads\/2023\/06\/gsj_1_-_general-1536x862.png 1536w, https:\/\/www.ecocentropampazul.com.ar\/pampaazul\/wp-content\/uploads\/2023\/06\/gsj_1_-_general.png 1630w\" sizes=\"auto, (max-width: 706px) 89vw, (max-width: 767px) 82vw, 740px\" \/><\/figure>\n\n\n\n<p><a href=\"https:\/\/www.argentina.gob.ar\/ciencia\/sact\/cites\/gsj\">https:\/\/www.argentina.gob.ar\/ciencia\/sact\/cites\/gsj<\/a><\/p>\n\n\n\n<hr class=\"wp-block-separator has-alpha-channel-opacity\"\/>\n\n\n\n<h3 class=\"wp-block-heading\">Centro de Investigaci\u00f3n Aplicada y Transferencia Tecnol\u00f3gica en Recursos Marinos \u201cAlmirante Storni\u201d (CIMAS)<\/h3>\n\n\n\n<figure class=\"wp-block-image size-large\"><img loading=\"lazy\" decoding=\"async\" width=\"1024\" height=\"723\" src=\"https:\/\/www.ecocentropampazul.com.ar\/wp-content\/uploads\/2023\/06\/cimas_imagen_1-1024x723.jpg\" alt=\"\" class=\"wp-image-164\" srcset=\"https:\/\/www.ecocentropampazul.com.ar\/pampaazul\/wp-content\/uploads\/2023\/06\/cimas_imagen_1-1024x723.jpg 1024w, https:\/\/www.ecocentropampazul.com.ar\/pampaazul\/wp-content\/uploads\/2023\/06\/cimas_imagen_1-300x212.jpg 300w, https:\/\/www.ecocentropampazul.com.ar\/pampaazul\/wp-content\/uploads\/2023\/06\/cimas_imagen_1-768x542.jpg 768w, https:\/\/www.ecocentropampazul.com.ar\/pampaazul\/wp-content\/uploads\/2023\/06\/cimas_imagen_1.jpg 1351w\" sizes=\"auto, (max-width: 706px) 89vw, (max-width: 767px) 82vw, 740px\" \/><\/figure>\n\n\n\n<p><a href=\"https:\/\/www.argentina.gob.ar\/ciencia\/sact\/cites\/cimas\">https:\/\/www.argentina.gob.ar\/ciencia\/sact\/cites\/cimas<\/a><\/p>\n\n\n\n<hr class=\"wp-block-separator has-alpha-channel-opacity\"\/>\n\n\n\n<h3 class=\"wp-block-heading\">Centro Interinstitucional en Temas Estrat\u00e9gicos Ant\u00e1rticos y Subant\u00e1rticos (CITEAS)<\/h3>\n\n\n\n<figure class=\"wp-block-image size-large\"><img loading=\"lazy\" decoding=\"async\" width=\"1024\" height=\"424\" src=\"https:\/\/www.ecocentropampazul.com.ar\/wp-content\/uploads\/2023\/06\/citeas_arq_220501_2349_pagina_02-1024x424.jpg\" alt=\"\" class=\"wp-image-166\" srcset=\"https:\/\/www.ecocentropampazul.com.ar\/pampaazul\/wp-content\/uploads\/2023\/06\/citeas_arq_220501_2349_pagina_02-1024x424.jpg 1024w, https:\/\/www.ecocentropampazul.com.ar\/pampaazul\/wp-content\/uploads\/2023\/06\/citeas_arq_220501_2349_pagina_02-300x124.jpg 300w, https:\/\/www.ecocentropampazul.com.ar\/pampaazul\/wp-content\/uploads\/2023\/06\/citeas_arq_220501_2349_pagina_02-768x318.jpg 768w, https:\/\/www.ecocentropampazul.com.ar\/pampaazul\/wp-content\/uploads\/2023\/06\/citeas_arq_220501_2349_pagina_02-1536x636.jpg 1536w, https:\/\/www.ecocentropampazul.com.ar\/pampaazul\/wp-content\/uploads\/2023\/06\/citeas_arq_220501_2349_pagina_02.jpg 1623w\" sizes=\"auto, (max-width: 706px) 89vw, (max-width: 767px) 82vw, 740px\" \/><\/figure>\n\n\n\n<p><a href=\"https:\/\/www.argentina.gob.ar\/ciencia\/sact\/cites\/citeas\">https:\/\/www.argentina.gob.ar\/ciencia\/sact\/cites\/citeas<\/a><\/p>\n","protected":false},"excerpt":{"rendered":"<p>Los Centros de Investigaci\u00f3n creados por Pampa Azul se dedican a la investigaci\u00f3n en el mar y las costas argentinas, con el objetivo de preservar el ambiente y los recursos marinos, promover el avance cient\u00edfico y tecnol\u00f3gico en el pa\u00eds, y apuntar al desarrollo de la econom\u00eda nacional. Centro Interinstitucional de Investigaciones Marinas (CIIMAR): Centro &hellip; <\/p>\n<p class=\"link-more\"><a href=\"https:\/\/www.ecocentropampazul.com.ar\/pampaazul\/inicio\/que-tenemos\/nuevos-centros-de-investigacion\/\" class=\"more-link\">Continue reading<span class=\"screen-reader-text\"> &#8220;Nuevos centros de Investigaci\u00f3n&#8221;<\/span><\/a><\/p>\n","protected":false},"author":1,"featured_media":0,"parent":16,"menu_order":2,"comment_status":"closed","ping_status":"closed","template":"","meta":{"footnotes":""},"class_list":["post-21","page","type-page","status-publish","hentry"],"_links":{"self":[{"href":"https:\/\/www.ecocentropampazul.com.ar\/pampaazul\/wp-json\/wp\/v2\/pages\/21","targetHints":{"allow":["GET"]}}],"collection":[{"href":"https:\/\/www.ecocentropampazul.com.ar\/pampaazul\/wp-json\/wp\/v2\/pages"}],"about":[{"href":"https:\/\/www.ecocentropampazul.com.ar\/pampaazul\/wp-json\/wp\/v2\/types\/page"}],"author":[{"embeddable":true,"href":"https:\/\/www.ecocentropampazul.com.ar\/pampaazul\/wp-json\/wp\/v2\/users\/1"}],"replies":[{"embeddable":true,"href":"https:\/\/www.ecocentropampazul.com.ar\/pampaazul\/wp-json\/wp\/v2\/comments?post=21"}],"version-history":[{"count":10,"href":"https:\/\/www.ecocentropampazul.com.ar\/pampaazul\/wp-json\/wp\/v2\/pages\/21\/revisions"}],"predecessor-version":[{"id":184,"href":"https:\/\/www.ecocentropampazul.com.ar\/pampaazul\/wp-json\/wp\/v2\/pages\/21\/revisions\/184"}],"up":[{"embeddable":true,"href":"https:\/\/www.ecocentropampazul.com.ar\/pampaazul\/wp-json\/wp\/v2\/pages\/16"}],"wp:attachment":[{"href":"https:\/\/www.ecocentropampazul.com.ar\/pampaazul\/wp-json\/wp\/v2\/media?parent=21"}],"curies":[{"name":"wp","href":"https:\/\/api.w.org\/{rel}","templated":true}]}}