{"id":26,"date":"2023-05-09T18:21:05","date_gmt":"2023-05-09T21:21:05","guid":{"rendered":"https:\/\/www.ecocentropampazul.com.ar\/?page_id=26"},"modified":"2023-10-18T08:52:26","modified_gmt":"2023-10-18T11:52:26","slug":"que-hacemos","status":"publish","type":"page","link":"https:\/\/www.ecocentropampazul.com.ar\/pampaazul\/inicio\/que-hacemos\/","title":{"rendered":"\u00bfQu\u00e9 hacemos?"},"content":{"rendered":"\n<div class=\"texto-destacado-3\">Pampa Azul desarrolla actividades de investigaci\u00f3n, formaci\u00f3n, exploraci\u00f3n y conservaci\u00f3n del Mar Argentino. Tambi\u00e9n incluye iniciativas de innovaci\u00f3n tecnol\u00f3gica para los sectores productivos vinculados al mar y acciones de divulgaci\u00f3n cient\u00edfica dirigidas a la ciudadan\u00eda.<\/div>\n\n\n\n<p>Se investigan y monitorean las condiciones del ambiente oce\u00e1nico y se genera<br>conocimiento relevante para el entender y gestionar los diferentes ecosistemas marinos y<br>costeros de nuestro pa\u00eds.<\/p>\n\n\n\n<figure class=\"wp-block-image size-large\"><img loading=\"lazy\" decoding=\"async\" width=\"1024\" height=\"577\" src=\"https:\/\/www.ecocentropampazul.com.ar\/wp-content\/uploads\/2023\/08\/mar-cadic-2-2048x1153-1-1024x577.jpg\" alt=\"\" class=\"wp-image-210\" srcset=\"https:\/\/www.ecocentropampazul.com.ar\/pampaazul\/wp-content\/uploads\/2023\/08\/mar-cadic-2-2048x1153-1-1024x577.jpg 1024w, https:\/\/www.ecocentropampazul.com.ar\/pampaazul\/wp-content\/uploads\/2023\/08\/mar-cadic-2-2048x1153-1-300x169.jpg 300w, https:\/\/www.ecocentropampazul.com.ar\/pampaazul\/wp-content\/uploads\/2023\/08\/mar-cadic-2-2048x1153-1-768x432.jpg 768w, https:\/\/www.ecocentropampazul.com.ar\/pampaazul\/wp-content\/uploads\/2023\/08\/mar-cadic-2-2048x1153-1-1536x865.jpg 1536w, https:\/\/www.ecocentropampazul.com.ar\/pampaazul\/wp-content\/uploads\/2023\/08\/mar-cadic-2-2048x1153-1.jpg 2048w\" sizes=\"auto, (max-width: 706px) 89vw, (max-width: 767px) 82vw, 740px\" \/><\/figure>\n\n\n\n<p>Tambi\u00e9n se impulsan iniciativas de innovaci\u00f3n tecnol\u00f3gica para los sectores productivos vinculados al mar, incluyendo el desarrollo de instrumentos que permiten realizar mediciones peri\u00f3dicas y continuas que son clave para conocer el estado actual de los oc\u00e9anos.<\/p>\n\n\n\n<p>Adem\u00e1s, y con el objetivo de ampliar las capacidades del pa\u00eds en todas estas tem\u00e1ticas, e incentivar el inter\u00e9s por el Mar Argentino y todas las oportunidades que brinda, Pampa Azul lleva a cabo acciones de formaci\u00f3n y divulgaci\u00f3n cient\u00edfica dirigidas a toda la ciudadan\u00eda.<\/p>\n","protected":false},"excerpt":{"rendered":"<p>Pampa Azul desarrolla actividades de investigaci\u00f3n, formaci\u00f3n, exploraci\u00f3n y conservaci\u00f3n del Mar Argentino. Tambi\u00e9n incluye iniciativas de innovaci\u00f3n tecnol\u00f3gica para los sectores productivos vinculados al mar y acciones de divulgaci\u00f3n cient\u00edfica dirigidas a la ciudadan\u00eda. Se investigan y monitorean las condiciones del ambiente oce\u00e1nico y se generaconocimiento relevante para el entender y gestionar los diferentes &hellip; <\/p>\n<p class=\"link-more\"><a href=\"https:\/\/www.ecocentropampazul.com.ar\/pampaazul\/inicio\/que-hacemos\/\" class=\"more-link\">Continue reading<span class=\"screen-reader-text\"> &#8220;\u00bfQu\u00e9 hacemos?&#8221;<\/span><\/a><\/p>\n","protected":false},"author":1,"featured_media":0,"parent":5,"menu_order":2,"comment_status":"closed","ping_status":"closed","template":"","meta":{"footnotes":""},"class_list":["post-26","page","type-page","status-publish","hentry"],"_links":{"self":[{"href":"https:\/\/www.ecocentropampazul.com.ar\/pampaazul\/wp-json\/wp\/v2\/pages\/26","targetHints":{"allow":["GET"]}}],"collection":[{"href":"https:\/\/www.ecocentropampazul.com.ar\/pampaazul\/wp-json\/wp\/v2\/pages"}],"about":[{"href":"https:\/\/www.ecocentropampazul.com.ar\/pampaazul\/wp-json\/wp\/v2\/types\/page"}],"author":[{"embeddable":true,"href":"https:\/\/www.ecocentropampazul.com.ar\/pampaazul\/wp-json\/wp\/v2\/users\/1"}],"replies":[{"embeddable":true,"href":"https:\/\/www.ecocentropampazul.com.ar\/pampaazul\/wp-json\/wp\/v2\/comments?post=26"}],"version-history":[{"count":9,"href":"https:\/\/www.ecocentropampazul.com.ar\/pampaazul\/wp-json\/wp\/v2\/pages\/26\/revisions"}],"predecessor-version":[{"id":243,"href":"https:\/\/www.ecocentropampazul.com.ar\/pampaazul\/wp-json\/wp\/v2\/pages\/26\/revisions\/243"}],"up":[{"embeddable":true,"href":"https:\/\/www.ecocentropampazul.com.ar\/pampaazul\/wp-json\/wp\/v2\/pages\/5"}],"wp:attachment":[{"href":"https:\/\/www.ecocentropampazul.com.ar\/pampaazul\/wp-json\/wp\/v2\/media?parent=26"}],"curies":[{"name":"wp","href":"https:\/\/api.w.org\/{rel}","templated":true}]}}