{"id":41,"date":"2023-05-12T09:29:01","date_gmt":"2023-05-12T12:29:01","guid":{"rendered":"https:\/\/www.ecocentropampazul.com.ar\/?page_id=41"},"modified":"2023-05-27T11:21:55","modified_gmt":"2023-05-27T14:21:55","slug":"exploracion-del-mar-argentino","status":"publish","type":"page","link":"https:\/\/www.ecocentropampazul.com.ar\/pampaazul\/inicio\/que-hacemos\/exploracion-del-mar-argentino\/","title":{"rendered":"Exploraci\u00f3n del Mar Argentino"},"content":{"rendered":"\n<p><em>Las campa\u00f1as oceanogr\u00e1ficas son la base de la investigaci\u00f3n cient\u00edfica en el mar. Su objetivo es recabar datos y obtener muestras que, luego de ser procesadas en los laboratorios, ser\u00e1n clasificadas y utilizadas para elaborar distintos tipos de modelos. El mar constituye un espacio tridimensional complejo que requiere de m\u00faltiples disciplinas\u00a0 para su comprensi\u00f3n.<\/em><\/p>\n","protected":false},"excerpt":{"rendered":"<p>Las campa\u00f1as oceanogr\u00e1ficas son la base de la investigaci\u00f3n cient\u00edfica en el mar. Su objetivo es recabar datos y obtener muestras que, luego de ser procesadas en los laboratorios, ser\u00e1n clasificadas y utilizadas para elaborar distintos tipos de modelos. El mar constituye un espacio tridimensional complejo que requiere de m\u00faltiples disciplinas\u00a0 para su comprensi\u00f3n.<\/p>\n","protected":false},"author":1,"featured_media":0,"parent":26,"menu_order":0,"comment_status":"closed","ping_status":"closed","template":"","meta":{"footnotes":""},"class_list":["post-41","page","type-page","status-publish","hentry"],"_links":{"self":[{"href":"https:\/\/www.ecocentropampazul.com.ar\/pampaazul\/wp-json\/wp\/v2\/pages\/41","targetHints":{"allow":["GET"]}}],"collection":[{"href":"https:\/\/www.ecocentropampazul.com.ar\/pampaazul\/wp-json\/wp\/v2\/pages"}],"about":[{"href":"https:\/\/www.ecocentropampazul.com.ar\/pampaazul\/wp-json\/wp\/v2\/types\/page"}],"author":[{"embeddable":true,"href":"https:\/\/www.ecocentropampazul.com.ar\/pampaazul\/wp-json\/wp\/v2\/users\/1"}],"replies":[{"embeddable":true,"href":"https:\/\/www.ecocentropampazul.com.ar\/pampaazul\/wp-json\/wp\/v2\/comments?post=41"}],"version-history":[{"count":3,"href":"https:\/\/www.ecocentropampazul.com.ar\/pampaazul\/wp-json\/wp\/v2\/pages\/41\/revisions"}],"predecessor-version":[{"id":151,"href":"https:\/\/www.ecocentropampazul.com.ar\/pampaazul\/wp-json\/wp\/v2\/pages\/41\/revisions\/151"}],"up":[{"embeddable":true,"href":"https:\/\/www.ecocentropampazul.com.ar\/pampaazul\/wp-json\/wp\/v2\/pages\/26"}],"wp:attachment":[{"href":"https:\/\/www.ecocentropampazul.com.ar\/pampaazul\/wp-json\/wp\/v2\/media?parent=41"}],"curies":[{"name":"wp","href":"https:\/\/api.w.org\/{rel}","templated":true}]}}