{"id":43,"date":"2023-05-12T09:29:29","date_gmt":"2023-05-12T12:29:29","guid":{"rendered":"https:\/\/www.ecocentropampazul.com.ar\/?page_id=43"},"modified":"2023-08-07T11:03:47","modified_gmt":"2023-08-07T14:03:47","slug":"formacion","status":"publish","type":"page","link":"https:\/\/www.ecocentropampazul.com.ar\/pampaazul\/inicio\/que-hacemos\/formacion\/","title":{"rendered":"Formaci\u00f3n"},"content":{"rendered":"\n<p>El Programa de Formaci\u00f3n de Recursos Humanos en disciplinas de la ciencia afines a la Iniciativa Pampa Azul tiene por objetivo fortalecer las capacidades de investigaci\u00f3n en el Mar Argentino. Est\u00e1 integrado por la Universidad de Buenos Aires y ocho universidades nacionales con sede en el litoral atl\u00e1ntico de nuestro pa\u00eds en base a una mirada de inter\u00e9s territorial, estrat\u00e9gica y con foco en la Iniciativa Pampa Azul.<\/p>\n\n\n\n<figure class=\"wp-block-image size-large\"><img loading=\"lazy\" decoding=\"async\" width=\"1024\" height=\"876\" src=\"http:\/\/www.ecocentropampazul.com.ar\/wp-content\/uploads\/2023\/08\/mapa-pampa-universidades-1024x876.jpg\" alt=\"\" class=\"wp-image-193\" srcset=\"https:\/\/www.ecocentropampazul.com.ar\/pampaazul\/wp-content\/uploads\/2023\/08\/mapa-pampa-universidades-1024x876.jpg 1024w, https:\/\/www.ecocentropampazul.com.ar\/pampaazul\/wp-content\/uploads\/2023\/08\/mapa-pampa-universidades-300x257.jpg 300w, https:\/\/www.ecocentropampazul.com.ar\/pampaazul\/wp-content\/uploads\/2023\/08\/mapa-pampa-universidades-768x657.jpg 768w, https:\/\/www.ecocentropampazul.com.ar\/pampaazul\/wp-content\/uploads\/2023\/08\/mapa-pampa-universidades.jpg 1280w\" sizes=\"auto, (max-width: 706px) 89vw, (max-width: 767px) 82vw, 740px\" \/><\/figure>\n","protected":false},"excerpt":{"rendered":"<p>El Programa de Formaci\u00f3n de Recursos Humanos en disciplinas de la ciencia afines a la Iniciativa Pampa Azul tiene por objetivo fortalecer las capacidades de investigaci\u00f3n en el Mar Argentino. Est\u00e1 integrado por la Universidad de Buenos Aires y ocho universidades nacionales con sede en el litoral atl\u00e1ntico de nuestro pa\u00eds en base a una &hellip; <\/p>\n<p class=\"link-more\"><a href=\"https:\/\/www.ecocentropampazul.com.ar\/pampaazul\/inicio\/que-hacemos\/formacion\/\" class=\"more-link\">Continue reading<span class=\"screen-reader-text\"> &#8220;Formaci\u00f3n&#8221;<\/span><\/a><\/p>\n","protected":false},"author":1,"featured_media":0,"parent":26,"menu_order":4,"comment_status":"closed","ping_status":"closed","template":"","meta":{"footnotes":""},"class_list":["post-43","page","type-page","status-publish","hentry"],"_links":{"self":[{"href":"https:\/\/www.ecocentropampazul.com.ar\/pampaazul\/wp-json\/wp\/v2\/pages\/43","targetHints":{"allow":["GET"]}}],"collection":[{"href":"https:\/\/www.ecocentropampazul.com.ar\/pampaazul\/wp-json\/wp\/v2\/pages"}],"about":[{"href":"https:\/\/www.ecocentropampazul.com.ar\/pampaazul\/wp-json\/wp\/v2\/types\/page"}],"author":[{"embeddable":true,"href":"https:\/\/www.ecocentropampazul.com.ar\/pampaazul\/wp-json\/wp\/v2\/users\/1"}],"replies":[{"embeddable":true,"href":"https:\/\/www.ecocentropampazul.com.ar\/pampaazul\/wp-json\/wp\/v2\/comments?post=43"}],"version-history":[{"count":4,"href":"https:\/\/www.ecocentropampazul.com.ar\/pampaazul\/wp-json\/wp\/v2\/pages\/43\/revisions"}],"predecessor-version":[{"id":194,"href":"https:\/\/www.ecocentropampazul.com.ar\/pampaazul\/wp-json\/wp\/v2\/pages\/43\/revisions\/194"}],"up":[{"embeddable":true,"href":"https:\/\/www.ecocentropampazul.com.ar\/pampaazul\/wp-json\/wp\/v2\/pages\/26"}],"wp:attachment":[{"href":"https:\/\/www.ecocentropampazul.com.ar\/pampaazul\/wp-json\/wp\/v2\/media?parent=43"}],"curies":[{"name":"wp","href":"https:\/\/api.w.org\/{rel}","templated":true}]}}