{"id":9,"date":"2023-05-09T18:17:26","date_gmt":"2023-05-09T21:17:26","guid":{"rendered":"https:\/\/www.ecocentropampazul.com.ar\/?page_id=9"},"modified":"2023-10-18T09:00:00","modified_gmt":"2023-10-18T12:00:00","slug":"donde-investigamos","status":"publish","type":"page","link":"https:\/\/www.ecocentropampazul.com.ar\/pampaazul\/inicio\/que-es-pampa-azul\/donde-investigamos\/","title":{"rendered":"\u00bfD\u00f3nde investigamos?"},"content":{"rendered":"\n<div class=\"texto-destacado-1\">Pampa Azul investiga en el Atl\u00e1ntico Sur, en el Mar Argentino y en sus costas. Desde la boca del estuario del R\u00edo de la Plata en el norte, hasta la Ant\u00e1rtida en el sur, desde la costa continental hasta el fin de la Plataforma Continental Argentina.<\/div>\n\n\n\n<hr class=\"wp-block-separator has-alpha-channel-opacity\"\/>\n\n\n\n<p>En nuestra amplia plataforma continental, que tiene una superficie de m\u00e1s de 6.500.000 km<sup>2<\/sup> (casi el doble que la superficie emergida de la Argentina), se han seleccionado cinco \u00e1reas geogr\u00e1ficas prioritarias<\/p>\n\n\n\n<figure class=\"wp-block-image size-large\"><a href=\"https:\/\/www.ecocentropampazul.com.ar\/wp-content\/uploads\/2023\/10\/AGP_Bicontinental-1.png\"><img loading=\"lazy\" decoding=\"async\" width=\"729\" height=\"1024\" src=\"http:\/\/www.ecocentropampazul.com.ar\/wp-content\/uploads\/2023\/10\/AGP_Bicontinental-1-729x1024.png\" alt=\"\" class=\"wp-image-240\" srcset=\"https:\/\/www.ecocentropampazul.com.ar\/pampaazul\/wp-content\/uploads\/2023\/10\/AGP_Bicontinental-1-729x1024.png 729w, https:\/\/www.ecocentropampazul.com.ar\/pampaazul\/wp-content\/uploads\/2023\/10\/AGP_Bicontinental-1-214x300.png 214w, https:\/\/www.ecocentropampazul.com.ar\/pampaazul\/wp-content\/uploads\/2023\/10\/AGP_Bicontinental-1-768x1079.png 768w, https:\/\/www.ecocentropampazul.com.ar\/pampaazul\/wp-content\/uploads\/2023\/10\/AGP_Bicontinental-1-1094x1536.png 1094w, https:\/\/www.ecocentropampazul.com.ar\/pampaazul\/wp-content\/uploads\/2023\/10\/AGP_Bicontinental-1-1458x2048.png 1458w, https:\/\/www.ecocentropampazul.com.ar\/pampaazul\/wp-content\/uploads\/2023\/10\/AGP_Bicontinental-1.png 1824w\" sizes=\"auto, (max-width: 729px) 100vw, 729px\" \/><\/a><\/figure>\n\n\n\n<p><sup>Imagen: <em>Mapa bicontinental con las \u00c1reas Geogr\u00e1ficas Prioritarias<\/em><\/sup><\/p>\n","protected":false},"excerpt":{"rendered":"<p>Pampa Azul investiga en el Atl\u00e1ntico Sur, en el Mar Argentino y en sus costas. Desde la boca del estuario del R\u00edo de la Plata en el norte, hasta la Ant\u00e1rtida en el sur, desde la costa continental hasta el fin de la Plataforma Continental Argentina. En nuestra amplia plataforma continental, que tiene una superficie &hellip; <\/p>\n<p class=\"link-more\"><a href=\"https:\/\/www.ecocentropampazul.com.ar\/pampaazul\/inicio\/que-es-pampa-azul\/donde-investigamos\/\" class=\"more-link\">Continue reading<span class=\"screen-reader-text\"> &#8220;\u00bfD\u00f3nde investigamos?&#8221;<\/span><\/a><\/p>\n","protected":false},"author":1,"featured_media":0,"parent":7,"menu_order":0,"comment_status":"closed","ping_status":"closed","template":"","meta":{"footnotes":""},"class_list":["post-9","page","type-page","status-publish","hentry"],"_links":{"self":[{"href":"https:\/\/www.ecocentropampazul.com.ar\/pampaazul\/wp-json\/wp\/v2\/pages\/9","targetHints":{"allow":["GET"]}}],"collection":[{"href":"https:\/\/www.ecocentropampazul.com.ar\/pampaazul\/wp-json\/wp\/v2\/pages"}],"about":[{"href":"https:\/\/www.ecocentropampazul.com.ar\/pampaazul\/wp-json\/wp\/v2\/types\/page"}],"author":[{"embeddable":true,"href":"https:\/\/www.ecocentropampazul.com.ar\/pampaazul\/wp-json\/wp\/v2\/users\/1"}],"replies":[{"embeddable":true,"href":"https:\/\/www.ecocentropampazul.com.ar\/pampaazul\/wp-json\/wp\/v2\/comments?post=9"}],"version-history":[{"count":13,"href":"https:\/\/www.ecocentropampazul.com.ar\/pampaazul\/wp-json\/wp\/v2\/pages\/9\/revisions"}],"predecessor-version":[{"id":247,"href":"https:\/\/www.ecocentropampazul.com.ar\/pampaazul\/wp-json\/wp\/v2\/pages\/9\/revisions\/247"}],"up":[{"embeddable":true,"href":"https:\/\/www.ecocentropampazul.com.ar\/pampaazul\/wp-json\/wp\/v2\/pages\/7"}],"wp:attachment":[{"href":"https:\/\/www.ecocentropampazul.com.ar\/pampaazul\/wp-json\/wp\/v2\/media?parent=9"}],"curies":[{"name":"wp","href":"https:\/\/api.w.org\/{rel}","templated":true}]}}