{"id":91,"date":"2023-05-18T11:21:37","date_gmt":"2023-05-18T14:21:37","guid":{"rendered":"http:\/\/www.ecocentropampazul.com.ar\/?page_id=91"},"modified":"2023-10-04T17:23:35","modified_gmt":"2023-10-04T20:23:35","slug":"redes-de-observacion","status":"publish","type":"page","link":"https:\/\/www.ecocentropampazul.com.ar\/pampaazul\/inicio\/que-hacemos\/redes-de-observacion\/","title":{"rendered":"Redes de observaci\u00f3n"},"content":{"rendered":"\n<div class=\"texto-destacado-3\">La Red de Observaci\u00f3n Marina-Argentina (ROMA) tiene como objetivo el estudio y monitoreo del \u00e1rea costero-marina, desde el Estuario del R\u00edo de la Plata hasta la Ant\u00e1rtida.<\/div>\n\n\n\n<p>Esta red se encargar\u00e1 de medir variables meteorol\u00f3gicas y oceanogr\u00e1ficas y recolectar<br>informaci\u00f3n clave para generar nuevos conocimientos cient\u00edficos y para el cuidado del ambiente.<\/p>\n\n\n\n<p>La informaci\u00f3n obtenida servir\u00e1 para la toma de decisiones en la industria pesquera,<br>petrolera y minera, la seguridad mar\u00edtima, el turismo, y la salud.<\/p>\n\n\n\n<p>Est\u00e1 integrada por una red de instituciones distribuidas a lo largo de todo el litoral mar\u00edtimo bicontinental.\u00a0<\/p>\n\n\n\n<p>Establece el primer&nbsp; sistema de observaci\u00f3n costero-marino de la Argentina y provee informaci\u00f3n clave para la toma de decisiones.<\/p>\n\n\n\n<p>Promueve la colaboraci\u00f3n en ciencia, tecnolog\u00eda e innovaci\u00f3n entre instituciones nacionales y provinciales que generan nuevos conocimientos y capacidades sobre la costa y el mar.&nbsp;<\/p>\n\n\n\n<p>Estos conocimientos incluyen: Industria pesquera, petrolera y minera.Pesca artesanal, transporte naviero, puertos, accesos y seguridad mar\u00edtima. Turismo, salud p\u00fablica, contaminaci\u00f3n y cambio clim\u00e1tico, entre otros.<\/p>\n\n\n\n<figure class=\"wp-block-image size-large\"><a href=\"http:\/\/www.ecocentropampazul.com.ar\/wp-content\/uploads\/2023\/08\/infografia-Roma-vf-scaled.jpg\"><img loading=\"lazy\" decoding=\"async\" width=\"1024\" height=\"576\" src=\"http:\/\/www.ecocentropampazul.com.ar\/wp-content\/uploads\/2023\/08\/infografia-Roma-vf-1024x576.jpg\" alt=\"\" class=\"wp-image-190\" srcset=\"https:\/\/www.ecocentropampazul.com.ar\/pampaazul\/wp-content\/uploads\/2023\/08\/infografia-Roma-vf-1024x576.jpg 1024w, https:\/\/www.ecocentropampazul.com.ar\/pampaazul\/wp-content\/uploads\/2023\/08\/infografia-Roma-vf-300x169.jpg 300w, https:\/\/www.ecocentropampazul.com.ar\/pampaazul\/wp-content\/uploads\/2023\/08\/infografia-Roma-vf-768x432.jpg 768w, https:\/\/www.ecocentropampazul.com.ar\/pampaazul\/wp-content\/uploads\/2023\/08\/infografia-Roma-vf-1536x864.jpg 1536w, https:\/\/www.ecocentropampazul.com.ar\/pampaazul\/wp-content\/uploads\/2023\/08\/infografia-Roma-vf-2048x1152.jpg 2048w\" sizes=\"auto, (max-width: 706px) 89vw, (max-width: 767px) 82vw, 740px\" \/><\/a><\/figure>\n","protected":false},"excerpt":{"rendered":"<p>La Red de Observaci\u00f3n Marina-Argentina (ROMA) tiene como objetivo el estudio y monitoreo del \u00e1rea costero-marina, desde el Estuario del R\u00edo de la Plata hasta la Ant\u00e1rtida. Esta red se encargar\u00e1 de medir variables meteorol\u00f3gicas y oceanogr\u00e1ficas y recolectarinformaci\u00f3n clave para generar nuevos conocimientos cient\u00edficos y para el cuidado del ambiente. La informaci\u00f3n obtenida servir\u00e1 &hellip; <\/p>\n<p class=\"link-more\"><a href=\"https:\/\/www.ecocentropampazul.com.ar\/pampaazul\/inicio\/que-hacemos\/redes-de-observacion\/\" class=\"more-link\">Continue reading<span class=\"screen-reader-text\"> &#8220;Redes de observaci\u00f3n&#8221;<\/span><\/a><\/p>\n","protected":false},"author":2,"featured_media":0,"parent":26,"menu_order":1,"comment_status":"closed","ping_status":"closed","template":"","meta":{"footnotes":""},"class_list":["post-91","page","type-page","status-publish","hentry"],"_links":{"self":[{"href":"https:\/\/www.ecocentropampazul.com.ar\/pampaazul\/wp-json\/wp\/v2\/pages\/91","targetHints":{"allow":["GET"]}}],"collection":[{"href":"https:\/\/www.ecocentropampazul.com.ar\/pampaazul\/wp-json\/wp\/v2\/pages"}],"about":[{"href":"https:\/\/www.ecocentropampazul.com.ar\/pampaazul\/wp-json\/wp\/v2\/types\/page"}],"author":[{"embeddable":true,"href":"https:\/\/www.ecocentropampazul.com.ar\/pampaazul\/wp-json\/wp\/v2\/users\/2"}],"replies":[{"embeddable":true,"href":"https:\/\/www.ecocentropampazul.com.ar\/pampaazul\/wp-json\/wp\/v2\/comments?post=91"}],"version-history":[{"count":7,"href":"https:\/\/www.ecocentropampazul.com.ar\/pampaazul\/wp-json\/wp\/v2\/pages\/91\/revisions"}],"predecessor-version":[{"id":236,"href":"https:\/\/www.ecocentropampazul.com.ar\/pampaazul\/wp-json\/wp\/v2\/pages\/91\/revisions\/236"}],"up":[{"embeddable":true,"href":"https:\/\/www.ecocentropampazul.com.ar\/pampaazul\/wp-json\/wp\/v2\/pages\/26"}],"wp:attachment":[{"href":"https:\/\/www.ecocentropampazul.com.ar\/pampaazul\/wp-json\/wp\/v2\/media?parent=91"}],"curies":[{"name":"wp","href":"https:\/\/api.w.org\/{rel}","templated":true}]}}