{"id":93,"date":"2023-05-18T11:25:10","date_gmt":"2023-05-18T14:25:10","guid":{"rendered":"http:\/\/www.ecocentropampazul.com.ar\/?page_id=93"},"modified":"2023-10-04T17:23:58","modified_gmt":"2023-10-04T20:23:58","slug":"vocaciones","status":"publish","type":"page","link":"https:\/\/www.ecocentropampazul.com.ar\/pampaazul\/inicio\/que-hacemos\/vocaciones\/","title":{"rendered":"Vocaciones"},"content":{"rendered":"\n<p>\u00bfCu\u00e1les son algunas de las disciplinas de la ciencia afines a la Iniciativa Pampa Azul?<\/p>\n\n\n\n<h2 class=\"wp-block-heading\">Ocean\u00f3grafo<\/h2>\n\n\n\n<figure class=\"wp-block-embed is-type-video is-provider-youtube wp-block-embed-youtube wp-embed-aspect-16-9 wp-has-aspect-ratio\"><div class=\"wp-block-embed__wrapper\">\n<iframe loading=\"lazy\" title=\"Vocaciones cient\u00edficas: \u00bfQu\u00e9 hace un ocean\u00f3grafo?\" width=\"525\" height=\"295\" src=\"https:\/\/www.youtube.com\/embed\/9PK6DKjvevc?feature=oembed\" frameborder=\"0\" allow=\"accelerometer; autoplay; clipboard-write; encrypted-media; gyroscope; picture-in-picture; web-share\" referrerpolicy=\"strict-origin-when-cross-origin\" allowfullscreen><\/iframe>\n<\/div><\/figure>\n\n\n\n<hr class=\"wp-block-separator has-alpha-channel-opacity\"\/>\n\n\n\n<h2 class=\"wp-block-heading\">Antrop\u00f3logo<\/h2>\n\n\n\n<figure class=\"wp-block-embed is-type-video is-provider-youtube wp-block-embed-youtube wp-embed-aspect-16-9 wp-has-aspect-ratio\"><div class=\"wp-block-embed__wrapper\">\n<iframe loading=\"lazy\" title=\"\u00bfQu\u00e9 hace un antrop\u00f3logo en iniciativas como Pampa Azul?\" width=\"525\" height=\"295\" src=\"https:\/\/www.youtube.com\/embed\/2stgQWRoPX4?feature=oembed\" frameborder=\"0\" allow=\"accelerometer; autoplay; clipboard-write; encrypted-media; gyroscope; picture-in-picture; web-share\" referrerpolicy=\"strict-origin-when-cross-origin\" allowfullscreen><\/iframe>\n<\/div><\/figure>\n\n\n\n<hr class=\"wp-block-separator has-alpha-channel-opacity\"\/>\n\n\n\n<h2 class=\"wp-block-heading\">&nbsp;Bi\u00f3loga marina<\/h2>\n\n\n\n<figure class=\"wp-block-embed is-type-video is-provider-youtube wp-block-embed-youtube wp-embed-aspect-16-9 wp-has-aspect-ratio\"><div class=\"wp-block-embed__wrapper\">\n<iframe loading=\"lazy\" title=\"Vocaciones cient\u00edficas: \u00bfQu\u00e9 hace una bi\u00f3loga marina?\" width=\"525\" height=\"295\" src=\"https:\/\/www.youtube.com\/embed\/vcSTY-YISLc?feature=oembed\" frameborder=\"0\" allow=\"accelerometer; autoplay; clipboard-write; encrypted-media; gyroscope; picture-in-picture; web-share\" referrerpolicy=\"strict-origin-when-cross-origin\" allowfullscreen><\/iframe>\n<\/div><\/figure>\n\n\n\n<hr class=\"wp-block-separator has-alpha-channel-opacity\"\/>\n\n\n\n<h2 class=\"wp-block-heading\">Qu\u00edmica<\/h2>\n\n\n\n<figure class=\"wp-block-embed is-type-video is-provider-youtube wp-block-embed-youtube wp-embed-aspect-16-9 wp-has-aspect-ratio\"><div class=\"wp-block-embed__wrapper\">\n<iframe loading=\"lazy\" title=\"Vocaciones cient\u00edficas: \u00bfQu\u00e9 hace una qu\u00edmica?\" width=\"525\" height=\"295\" src=\"https:\/\/www.youtube.com\/embed\/QpamYW746OY?feature=oembed\" frameborder=\"0\" allow=\"accelerometer; autoplay; clipboard-write; encrypted-media; gyroscope; picture-in-picture; web-share\" referrerpolicy=\"strict-origin-when-cross-origin\" allowfullscreen><\/iframe>\n<\/div><\/figure>\n\n\n\n<hr class=\"wp-block-separator has-alpha-channel-opacity\"\/>\n\n\n\n<h2 class=\"wp-block-heading\">F\u00edsica<\/h2>\n\n\n\n<figure class=\"wp-block-embed is-type-video is-provider-youtube wp-block-embed-youtube wp-embed-aspect-16-9 wp-has-aspect-ratio\"><div class=\"wp-block-embed__wrapper\">\n<iframe loading=\"lazy\" title=\"Vocaciones cient\u00edficas: \u00bfQu\u00e9 hace un f\u00edsico?\" width=\"525\" height=\"295\" src=\"https:\/\/www.youtube.com\/embed\/U0ktAPfg29I?feature=oembed\" frameborder=\"0\" allow=\"accelerometer; autoplay; clipboard-write; encrypted-media; gyroscope; picture-in-picture; web-share\" referrerpolicy=\"strict-origin-when-cross-origin\" allowfullscreen><\/iframe>\n<\/div><\/figure>\n\n\n\n<hr class=\"wp-block-separator has-alpha-channel-opacity\"\/>\n\n\n\n<h2 class=\"wp-block-heading\">Meteor\u00f3logo<\/h2>\n\n\n\n<figure class=\"wp-block-embed is-type-video is-provider-youtube wp-block-embed-youtube wp-embed-aspect-16-9 wp-has-aspect-ratio\"><div class=\"wp-block-embed__wrapper\">\n<iframe loading=\"lazy\" title=\"Vocaciones cient\u00edficas: \u00bfQu\u00e9 hace un meteor\u00f3logo?\" width=\"525\" height=\"295\" src=\"https:\/\/www.youtube.com\/embed\/XwZeciUI1nc?list=PL_jYXWlShwozNIkIDUuZD8an11ol77MGf\" frameborder=\"0\" allow=\"accelerometer; autoplay; clipboard-write; encrypted-media; gyroscope; picture-in-picture; web-share\" referrerpolicy=\"strict-origin-when-cross-origin\" allowfullscreen><\/iframe>\n<\/div><\/figure>\n\n\n\n<hr class=\"wp-block-separator has-alpha-channel-opacity\"\/>\n\n\n\n<h2 class=\"wp-block-heading\">Ge\u00f3logo<\/h2>\n\n\n\n<figure class=\"wp-block-embed is-type-video is-provider-youtube wp-block-embed-youtube wp-embed-aspect-16-9 wp-has-aspect-ratio\"><div class=\"wp-block-embed__wrapper\">\n<iframe loading=\"lazy\" title=\"\u00bfA qu\u00e9 se dedica un ge\u00f3logo?\" width=\"525\" height=\"295\" src=\"https:\/\/www.youtube.com\/embed\/kDUDYyct868?list=PL_jYXWlShwozNIkIDUuZD8an11ol77MGf\" frameborder=\"0\" allow=\"accelerometer; autoplay; clipboard-write; encrypted-media; gyroscope; picture-in-picture; web-share\" referrerpolicy=\"strict-origin-when-cross-origin\" allowfullscreen><\/iframe>\n<\/div><\/figure>\n","protected":false},"excerpt":{"rendered":"<p>\u00bfCu\u00e1les son algunas de las disciplinas de la ciencia afines a la Iniciativa Pampa Azul? Ocean\u00f3grafo Antrop\u00f3logo &nbsp;Bi\u00f3loga marina Qu\u00edmica F\u00edsica Meteor\u00f3logo Ge\u00f3logo<\/p>\n","protected":false},"author":2,"featured_media":0,"parent":26,"menu_order":4,"comment_status":"closed","ping_status":"closed","template":"","meta":{"footnotes":""},"class_list":["post-93","page","type-page","status-publish","hentry"],"_links":{"self":[{"href":"https:\/\/www.ecocentropampazul.com.ar\/pampaazul\/wp-json\/wp\/v2\/pages\/93","targetHints":{"allow":["GET"]}}],"collection":[{"href":"https:\/\/www.ecocentropampazul.com.ar\/pampaazul\/wp-json\/wp\/v2\/pages"}],"about":[{"href":"https:\/\/www.ecocentropampazul.com.ar\/pampaazul\/wp-json\/wp\/v2\/types\/page"}],"author":[{"embeddable":true,"href":"https:\/\/www.ecocentropampazul.com.ar\/pampaazul\/wp-json\/wp\/v2\/users\/2"}],"replies":[{"embeddable":true,"href":"https:\/\/www.ecocentropampazul.com.ar\/pampaazul\/wp-json\/wp\/v2\/comments?post=93"}],"version-history":[{"count":6,"href":"https:\/\/www.ecocentropampazul.com.ar\/pampaazul\/wp-json\/wp\/v2\/pages\/93\/revisions"}],"predecessor-version":[{"id":237,"href":"https:\/\/www.ecocentropampazul.com.ar\/pampaazul\/wp-json\/wp\/v2\/pages\/93\/revisions\/237"}],"up":[{"embeddable":true,"href":"https:\/\/www.ecocentropampazul.com.ar\/pampaazul\/wp-json\/wp\/v2\/pages\/26"}],"wp:attachment":[{"href":"https:\/\/www.ecocentropampazul.com.ar\/pampaazul\/wp-json\/wp\/v2\/media?parent=93"}],"curies":[{"name":"wp","href":"https:\/\/api.w.org\/{rel}","templated":true}]}}